{"id":185,"date":"2023-05-27T13:44:40","date_gmt":"2023-05-27T13:44:40","guid":{"rendered":"https:\/\/legal-information.lallemand.com\/?page_id=185"},"modified":"2023-12-01T20:47:42","modified_gmt":"2023-12-01T20:47:42","slug":"allgemeine-nutzungsbedingungen","status":"publish","type":"page","link":"https:\/\/legal-information.lallemand.com\/de\/allgemeine-nutzungsbedingungen\/","title":{"rendered":"ALLGEMEINE NUTZUNGSBEDINGUNGEN"},"content":{"rendered":"\n<p><strong>ALLGEMEINE NUTZUNGSBEDINGUNGEN<\/strong><\/p>\n\n\n\n<p><strong>Willkommen auf der Website von Lallemand Inc. und dessen Tochtergesellschaften (die \u201eWebsite\u201c). Bevor Sie die Website nutzen, lesen Sie bitte die folgenden&nbsp;<em>Nutzungsbedingungen<\/em>, die Ihren Zugriff auf die Website und deren Nutzung regeln. Indem Sie die Website aufrufen oder nutzen, best\u00e4tigen Sie, dass Sie die vorliegenden&nbsp;<em>Nutzungsbedingungen<\/em>&nbsp;gelesen und verstanden haben und Sie diese bedingungslos akzeptieren und sich an sie halten werden. Wenn Sie mit diesen&nbsp;<em>Nutzungsbedingungen<\/em> nicht einverstanden sind, sollten Sie die Website nicht aufrufen oder nutzen<\/strong>.<\/p>\n\n\n\n<p><strong>Allgemeine Informationen:<\/strong><\/p>\n\n\n\n<p>Lallemand Inc. ist ein kanadisches Unternehmen mit Gesch\u00e4ftsadresse in 1620 Rue Pr\u00e9fontaine, Montreal, QC H1W 2N8, Kanada und Hauptsitz in 151 Skyway Ave, Toronto, Ontario, Kanada, M9W 4Z5 (\u201eLallemand\u201c) und hat die Website ausschlie\u00dflich zu dem Zweck erstellt, Informationen \u00fcber Lallemand und dessen Tochtergesellschaften bereitzustellen. Die Website gibt dem Nutzer einen Einblick in die Produkte und Dienstleistungen von Lallemand und dessen Tochtergesellschaften. Au\u00dferdem kann er sich mit seiner E-Mail-Adresse anmelden, um von Lallemand oder dessen Tochtergesellschaften kommerzielle Informationen und Werbung zu erhalten.<\/p>\n\n\n\n<p>Die Website enth\u00e4lt mehrere Unterseiten f\u00fcr die verschiedenen Gesch\u00e4ftsbereiche von Lallemand. Diese Unterseiten werden von den f\u00fcr den jeweiligen Gesch\u00e4ftsbereich zust\u00e4ndigen Lallemand-Tochtergesellschaften betrieben.<\/p>\n\n\n\n<p>Lallemand kann die vorliegenden <em>Nutzungsbedingungen<\/em> aktualisieren, wenn neue Features oder neue Funktionen auf der Website hinzugef\u00fcgt werden. Lallemand beh\u00e4lt sich daher das Recht vor, diese&nbsp;<em>Nutzungsbedingungen&nbsp;<\/em>jederzeit und ohne vorherige Ank\u00fcndigung zu aktualisieren oder zu \u00fcberarbeiten, indem die \u00fcberarbeiteten&nbsp;<em>Nutzungsbedingungen&nbsp;<\/em>auf der Website ver\u00f6ffentlicht werden. Es gelten also die&nbsp;<em>Nutzungsbedingungen<\/em>, die an dem Tag auf der Website verf\u00fcgbar sind, an dem Sie die Website aufrufen. Lallemand beh\u00e4lt sich das Recht vor, den Inhalt der Website jederzeit und ohne Vorank\u00fcndigung zu \u00e4ndern oder zu korrigieren und kann nicht f\u00fcr die Folgen solcher \u00c4nderungen verantwortlich gemacht werden.<\/p>\n\n\n\n<p>Lallemand beh\u00e4lt sich au\u00dferdem das Recht vor, die Bereitstellung der Website einzustellen.<\/p>\n\n\n\n<p>Ihre Nachrichten sind auf der Website immer willkommen. Jede Nachricht oder jedes Dokument, das Sie per E-Mail oder auf anderem Wege an die Website senden, einschlie\u00dflich (zum Beispiel) pers\u00f6nliche Daten, Fragen oder Antworten, Kommentare, Vorschl\u00e4ge oder andere Informationen, werden als nicht vertraulich und nicht exklusiv behandelt, es sei denn, es ist in der Datenschutzerkl\u00e4rung und den Cookie-Hinweisen von Lallemand oder in den geltenden Gesetzen und Vorschriften anders angegeben.<\/p>\n\n\n\n<p><strong>Datenschutzerkl\u00e4rung und Cookie-Hinweise<\/strong><\/p>\n\n\n\n<p>Um mehr \u00fcber den Umgang von Lallemand und dessen Tochtergesellschaften mit dem Datenschutz und Cookies zu erfahren,&nbsp;<a href=\"https:\/\/www.lallemand.com\/cookies-and-privacy-policy\/\" target=\"_blank\" rel=\"noreferrer noopener\">klicken Sie hier, um unsere Datenschutzerkl\u00e4rung und unsere Cookie-Hinweise zu lesen<\/a>.<\/p>\n\n\n\n<p><strong>Keine Gew\u00e4hr:<\/strong><\/p>\n\n\n\n<p>Lallemand unternimmt angemessene kommerzielle Anstrengungen, um aktuelle und korrekte Informationen auf und \u00fcber die Website bereitzustellen, betont jedoch, dass der Inhalt der Website wie vorgefunden ohne Gew\u00e4hr bereitgestellt wird. Soweit gesetzlich zul\u00e4ssig, lehnen Lallemand, dessen Tochtergesellschaften und Zweigfirmen sowie ihre jeweiligen Gesch\u00e4ftsleiter mit Nachdruck alle ausdr\u00fccklichen oder stillschweigenden Zusicherungen und Garantien jeglicher Art ab, und zwar in Bezug auf: i) die Richtigkeit, Vollst\u00e4ndigkeit und\/oder Marktg\u00e4ngigkeit oder Eignung f\u00fcr einen bestimmten Zweck jeglicher Informationen, die auf oder \u00fcber die Website bereitgestellt werden, ii) den Rechtsanspruch und die Nichtverletzung von Rechten, iii) die Sicherheit der Website und ihrer Systeme oder iv) dass die Nutzung der Website ununterbrochen oder fehlerfrei sein wird. Lallemand betreibt, kontrolliert und unterh\u00e4lt die Website von Kanada aus und gibt keine Zusicherung, dass die auf der Website angebotenen Informationen oder Dienstleistungen f\u00fcr die Nutzung in anderen L\u00e4ndern geeignet oder zul\u00e4ssig sind. Wenn Sie die Website von anderen L\u00e4ndern als Kanada aus nutzen, sind Sie f\u00fcr die Einhaltung der geltenden lokalen und nationalen Gesetze verantwortlich.<\/p>\n\n\n\n<p><strong>Haftungsbeschr\u00e4nkung<\/strong><\/p>\n\n\n\n<p>In keinem Fall sind Lallemand oder dessen Tochtergesellschaften, Zweigfirmen und ihre jeweiligen Gesch\u00e4ftsleiter Ihnen oder Dritten gegen\u00fcber haftbar f\u00fcr direkte, indirekte, besondere, zuf\u00e4llige oder Folgesch\u00e4den oder Strafschadensersatz, einschlie\u00dflich, aber nicht beschr\u00e4nkt auf finanzielle Verluste, Gewinnverluste, Verlust des Firmenwerts, Imageverluste (selbst wenn Lallemand auf die M\u00f6glichkeit solcher Sch\u00e4den hingewiesen wurde), die aus oder in Verbindung mit Folgendem entstehen: (i) Informationen, Produkten und Dienstleistungen, die auf der Website zur Verf\u00fcgung gestellt werden, (ii) Nutzung der Website oder Unm\u00f6glichkeit, die Website zu nutzen, (iii) jeglichen Defekten, Viren, Datenverlusten oder anderen Fehlfunktionen, die durch den Zugang oder die Nutzung der Website an Ger\u00e4ten und Software verursacht werden, (iv) Abfangen, Ver\u00e4nderung oder Missbrauch von Informationen, die Sie an Lallemand \u00fcbermitteln oder die Ihnen von Lallemand \u00fcbermittelt werden, oder (v) Download oder Nutzung von Software, die \u00fcber die Website zur Verf\u00fcgung gestellt wird.<\/p>\n\n\n\n<p><strong>Nutzer-Garantien:<\/strong><\/p>\n\n\n\n<p>Mit dem Besuch der Website versichern Sie, erkl\u00e4ren Sie sich einverstanden und garantieren Sie:<\/p>\n\n\n\n<p>&#8211; die Website und mit dieser verbundene Dienste in gutem Glauben und in \u00dcbereinstimmung mit den vorliegenden, von Ihnen akzeptierten<em>&nbsp;Nutzungsbedingungen<\/em> aufzurufen;<\/p>\n\n\n\n<p>&#8211; nicht zu versuchen, die Website in irgendeiner Weise zu besch\u00e4digen, zu hacken, Reverse Engineering zu betreiben oder anderweitig in diese einzugreifen (zusammenfassend als \u201eeingreifen\u201c bezeichnet). Wenn Sie in irgendeiner Weise in die Website eingreifen, erkl\u00e4ren Sie sich damit einverstanden, f\u00fcr alle Sch\u00e4den aufzukommen, die Lallemand und dessen Tochtergesellschaften entstehen k\u00f6nnten.<\/p>\n\n\n\n<p>&#8211; die Website und jede Dienstleistung, die von der Website zur Verf\u00fcgung gestellt wird, nicht zu illegalen Zwecken und\/oder zum Zweck der Sch\u00e4digung des Rufs und des Images von Lallemand und dessen Tochtergesellschaften aufzurufen oder zu nutzen oder ganz allgemein nicht die Rechte zu verletzen, einschlie\u00dflich der Rechte des geistigen Eigentums von Lallemand und dessen Tochtergesellschaften oder von Dritten,<\/p>\n\n\n\n<p>&#8211; keinen Teil der Website und der angebotenen Dienste, insbesondere f\u00fcr kommerzielle und\/oder pers\u00f6nliche Zwecke, in einer Form und\/oder einem Medium zu nutzen, die\/das nicht ausdr\u00fccklich von Lallemand und dessen Tochtergesellschaften genehmigt wurde;<\/p>\n\n\n\n<p>&#8211; weder direkt noch indirekt den Zugang zur Website und den dort angebotenen Dienstleistungen zu vermarkten;<\/p>\n\n\n\n<p>&#8211; die Website nicht ganz oder teilweise f\u00fcr private Zwecke au\u00dferhalb der gesetzlich zul\u00e4ssigen Ausnahmen oder f\u00fcr die direkte oder indirekte Vermarktung insbesondere an Dritte zu vervielf\u00e4ltigen oder darzustellen;<\/p>\n\n\n\n<p>&#8211; den Zugang zu oder die Nutzung der Website und\/oder der \u00fcber die Website verf\u00fcgbaren Dienste nicht zu beschr\u00e4nken.<\/p>\n\n\n\n<p>Im Falle eines Versto\u00dfes gegen eine oder mehrere dieser Garantien erkennen Sie an und akzeptieren, dass Lallemand und dessen Tochtergesellschaften das Recht haben, einseitig und ohne vorherige Ank\u00fcndigung den Zugang zur gesamten Website oder zu Teilen davon zu verweigern.<\/p>\n\n\n\n<p><strong>Links zu Websites von Dritten:<\/strong><\/p>\n\n\n\n<p>Die Website kann \u2013 nur um Ihnen damit einen Dienst zu erweisen \u2013 Verweise oder Links zu Websites Dritter enthalten, wobei solche Links oder Verweise nicht bedeuten, dass Lallemand die Produkte oder Dienstleistungen bef\u00fcrwortet, die auf oder \u00fcber solche Websites angeboten werden. Die Nutzung solcher Links erfolgt auf eigene Gefahr und Lallemand lehnt jede Verantwortung f\u00fcr den Inhalt, die Nutzung oder die Verf\u00fcgbarkeit solcher Websites ab. Lallemand hat die Richtigkeit, Angemessenheit, Zuverl\u00e4ssigkeit oder Vollst\u00e4ndigkeit des Inhalts dieser externen Websites nicht \u00fcberpr\u00fcft.<\/p>\n\n\n\n<p><strong>Geistiges Eigentum:<\/strong><\/p>\n\n\n\n<p>Sie m\u00fcssen davon ausgehen, dass alles, was Sie auf der Website sehen oder lesen, durch geistige Eigentumsrechte gesch\u00fctzt ist.<\/p>\n\n\n\n<p>Alle geistigen Eigentumsrechte, einschlie\u00dflich der Urheberrechte, Markenzeichen und Patente, am Inhalt der Website und der Website selbst, einschlie\u00dflich, aber nicht beschr\u00e4nkt auf Texte, Slogans, Grafiken, Bilder, Fotografien und andere Inhalte sind Eigentum von Lallemand, dessen Zweigfirmen oder Tochtergesellschaften oder wurden an einen von ihnen lizenziert. Ohne die vorherige schriftliche Zustimmung von Lallemand ist es nicht gestattet, die auf der Website enthaltenen Informationen in irgendeiner Form zu kopieren, herunterzuladen, zu ver\u00f6ffentlichen, zu verteilen, zu lizenzieren, zu verkaufen oder zu vervielf\u00e4ltigen. Nichts auf der Website kann als Gew\u00e4hrung einer Lizenz oder eines Rechts an einer Marke, einem Patent oder einem anderen geistigen Eigentumsrecht von Lallemand oder dessen Tochtergesellschaften ausgelegt werden. Sie k\u00f6nnen jedoch die auf der Website enthaltenen Informationen f\u00fcr Ihren eigenen pers\u00f6nlichen Gebrauch ausdrucken und\/oder herunterladen.<\/p>\n\n\n\n<p><strong>Anwendbares Recht, Gerichtsstand:<\/strong><\/p>\n\n\n\n<p>Auf die Website kann von verschiedenen L\u00e4ndern der Welt aus zugegriffen werden. Da jedes dieser L\u00e4nder Gesetze hat, die sich von denen der Provinz Quebec und Kanadas unterscheiden k\u00f6nnen, erkl\u00e4ren Sie sich beim Aufruf der Website damit einverstanden, dass die Gesetze der Provinz Quebec und Kanadas f\u00fcr alle Angelegenheiten, die sich aus der Nutzung und dem Inhalt dieser Website ergeben oder damit in Zusammenhang stehen, gelten, ungeachtet der kollisionsrechtlichen Bestimmungen. Sie erkennen au\u00dferdem die ausschlie\u00dfliche Zust\u00e4ndigkeit der Gerichte von Montreal an, wenn es um Streitigkeiten, Klagen oder Anspr\u00fcche geht, die sich aus oder in Verbindung mit diesen&nbsp;<em>Nutzungsbedingungen<\/em>&nbsp;oder Ihrer Nutzung der Website ergeben.<\/p>\n\n\n\n<p><strong>Teilnichtigkeit:<\/strong><\/p>\n\n\n\n<p>Sollten diese <em>Nutzungsbedingungen<\/em> f\u00fcr die Website teilweise ung\u00fcltig sein oder werden, sind die Parteien weiterhin an den Rest derselben gebunden. Der unwirksame Teil wird durch g\u00fcltige und rechtswirksame Bestimmungen ersetzt, die denjenigen des unwirksamen Teils unter Ber\u00fccksichtigung des Inhalts und des Zwecks dieser <em>Nutzungsbedingungen<\/em> so weit wie m\u00f6glich entsprechen.<\/p>\n\n\n\n<p><strong>Fragen zu diesen Nutzungsbedingungen:<\/strong><\/p>\n\n\n\n<p>Wenn Sie Fragen zu diesen Nutzungsbedingungen haben, senden Sie bitte eine E-Mail an:&nbsp;<a href=\"mailto:privacy-corporate@lallemand.com\">privacy-corporate@lallemand.com<\/a>.<\/p>\n","protected":false},"excerpt":{"rendered":"<p>ALLGEMEINE NUTZUNGSBEDINGUNGEN Willkommen auf der Website von Lallemand Inc. und dessen Tochtergesellschaften (die \u201eWebsite\u201c). Bevor Sie die Website nutzen, lesen Sie bitte die folgenden&nbsp;Nutzungsbedingungen, die Ihren Zugriff auf die Website und deren Nutzung regeln. Indem Sie die Website aufrufen oder nutzen, best\u00e4tigen Sie, dass Sie die vorliegenden&nbsp;Nutzungsbedingungen&nbsp;gelesen und verstanden haben und Sie diese bedingungslos akzeptieren [&hellip;]<\/p>\n","protected":false},"author":1,"featured_media":0,"parent":0,"menu_order":0,"comment_status":"closed","ping_status":"closed","template":"","meta":{"footnotes":""},"class_list":["post-185","page","type-page","status-publish","hentry"],"_links":{"self":[{"href":"https:\/\/legal-information.lallemand.com\/de\/wp-json\/wp\/v2\/pages\/185","targetHints":{"allow":["GET"]}}],"collection":[{"href":"https:\/\/legal-information.lallemand.com\/de\/wp-json\/wp\/v2\/pages"}],"about":[{"href":"https:\/\/legal-information.lallemand.com\/de\/wp-json\/wp\/v2\/types\/page"}],"author":[{"embeddable":true,"href":"https:\/\/legal-information.lallemand.com\/de\/wp-json\/wp\/v2\/users\/1"}],"replies":[{"embeddable":true,"href":"https:\/\/legal-information.lallemand.com\/de\/wp-json\/wp\/v2\/comments?post=185"}],"version-history":[{"count":1,"href":"https:\/\/legal-information.lallemand.com\/de\/wp-json\/wp\/v2\/pages\/185\/revisions"}],"predecessor-version":[{"id":186,"href":"https:\/\/legal-information.lallemand.com\/de\/wp-json\/wp\/v2\/pages\/185\/revisions\/186"}],"wp:attachment":[{"href":"https:\/\/legal-information.lallemand.com\/de\/wp-json\/wp\/v2\/media?parent=185"}],"curies":[{"name":"wp","href":"https:\/\/api.w.org\/{rel}","templated":true}]}}