{"id":196,"date":"2023-05-27T13:47:51","date_gmt":"2023-05-27T13:47:51","guid":{"rendered":"https:\/\/legal-information.lallemand.com\/?page_id=196"},"modified":"2025-03-28T17:30:18","modified_gmt":"2025-03-28T17:30:18","slug":"datenschutzerklaerung-und-cookie-hinweise","status":"publish","type":"page","link":"https:\/\/legal-information.lallemand.com\/de\/datenschutzerklaerung-und-cookie-hinweise\/","title":{"rendered":"LALLEMAND DATENSCHUTZ- UND COOKIE-RICHTLINIE"},"content":{"rendered":"\n<h2 class=\"wp-block-heading\">Datenschutzrichtlinie<\/h2>\n\n\n\n<p>Diese Datenschutzrichtlinie gilt f\u00fcr alle Informationen, die \u00fcber Websites von Lallemand Inc. und seinen Tochtergesellschaften (&#8222;Lallemand&#8220;) gesammelt und verarbeitet werden. Diese Datenschutzrichtlinie gilt jedoch nicht f\u00fcr die Website des Siebel Institute of Technology, die einer eigenen spezifischen Datenschutz- und Cookie-Richtlinie unterliegt, die auf der Website des Siebel Institute of Technology verf\u00fcgbar ist.&nbsp; Diese Datenschutzrichtlinie soll die Nutzer der Lallemand-Websites (&#8222;Nutzer&#8220;) dar\u00fcber informieren, welche Art von personenbezogenen Daten von Lallemand erhoben und verarbeitet werden k\u00f6nnen und wie Lallemand diese personenbezogenen Daten sch\u00fctzt und verwendet.<\/p>\n\n\n\n<h3 class=\"wp-block-heading\">Art der erhobenen personenbezogenen Daten<\/h3>\n\n\n\n<p>Lallemand kann personenbezogene Daten, die von Nutzern zur Verf\u00fcgung gestellt werden, erheben und verarbeiten. Zu den erhobenen personenbezogenen Daten geh\u00f6ren allgemeine Daten wie Name, Adresse, Postleitzahl, Stadt, Telefonnummer, E-Mail-Adresse und Firmenname. Lallemand kann auch technische personenbezogene Daten wie IP-Adresse und Browserdaten sammeln.<\/p>\n\n\n\n<p>Die personenbezogenen Daten werden von Lallemand \u00fcber Online-Formulare oder freiwillige Nutzerumfragen, die Online-Registrierung von Nutzern, das Abonnement von Lallemand-Diensten oder Ver\u00f6ffentlichungen, die Anforderung von Produkt- oder Marketinginformationen, Cookies, Bewerbungen, das Versenden von allgemeinen Anfragen.<\/p>\n\n\n\n<h3 class=\"wp-block-heading\">Zweck der Verarbeitung personenbezogener Daten und Empf\u00e4nger<\/h3>\n\n\n\n<p>Lallemand kann personenbezogene Daten verarbeiten, wenn dies f\u00fcr folgende Zwecke erforderlich ist:<\/p>\n\n\n\n<ol style=\"list-style-type:lower-roman\" class=\"wp-block-list\">\n<li>Beantwortung einer Anfrage im Zusammenhang mit den Produkten und\/oder Dienstleistungen von Lallemand oder Bereitstellung von fachkundiger Beratung,<\/li>\n\n\n\n<li>Verwaltung der Kundenbeziehung,<\/li>\n\n\n\n<li>Bereitstellung von Marketinginformationen \u00fcber die Unternehmen, Produkte und Dienstleistungen von Lallemand,<\/li>\n\n\n\n<li>Verwaltung von Bewerbungen f\u00fcr Lallemand Stellenangebote,<\/li>\n\n\n\n<li>Erf\u00fcllung gesetzlicher Anforderungen.<\/li>\n<\/ol>\n\n\n\n<p>Die von Lallemand erhobenen personenbezogenen Daten k\u00f6nnen von den Mitarbeitern von Lallemand und den Dienstleistern von Lallemand nach dem Need-to-know-Prinzip eingesehen werden, sofern letztere einer Vertraulichkeitsverpflichtung unterliegen.<\/p>\n\n\n\n<p>Im Falle der \u00dcbermittlung personenbezogener Daten au\u00dferhalb des Europ\u00e4ischen Wirtschaftsraums stellt Lallemand sicher, dass personenbezogene Daten nur in L\u00e4nder \u00fcbermittelt werden, die ein angemessenes Schutzniveau f\u00fcr die personenbezogenen Daten gew\u00e4hrleisten und einem Angemessenheitsbeschluss der Europ\u00e4ischen Kommission unterliegen, oder dass eine solche \u00dcbermittlung die geeigneten Garantien bietet und auf den Standard-Datenschutzvertragsklauseln der Europ\u00e4ischen Kommission basiert. Der Vertreter von Lallemand im Europ\u00e4ischen Wirtschaftsraum im Sinne von Artikel 27 der Verordnung (EU) 2016\/679 des Europ\u00e4ischen Parlaments und des Europarates vom 27. April 2016 ist Lallemand SAS mit Sitz in 19 rue des Briquetiers \u2013 BP 59 \u2013 31702 Blagnac mit unserer Kontakt-E-Mail-Adresse unter: <a href=\"mailto:dpo-lallemandsas@lallemand.com\" target=\"_blank\" rel=\"noreferrer noopener\">dpo-lallemandsas@lallemand.com<\/a>.<\/p>\n\n\n\n<h3 class=\"wp-block-heading\">Rechte in Bezug auf personenbezogenen Daten<\/h3>\n\n\n\n<p>Nutzer haben folgende Rechte in Bezug auf ihre personenbezogenen Daten:<\/p>\n\n\n\n<ol style=\"list-style-type:lower-roman\" class=\"wp-block-list\">\n<li>Recht auf Zugang zu den personenbezogenen Daten,<\/li>\n\n\n\n<li>Recht auf Berichtigung oder L\u00f6schung der personenbezogenen Daten,<\/li>\n\n\n\n<li>Recht, die Verarbeitung der personenbezogenen Daten unter bestimmten Umst\u00e4nden einzuschr\u00e4nken,<\/li>\n\n\n\n<li>Recht auf Erhalt der von Lallemand der erhobenen personenbezogenen Daten,<\/li>\n\n\n\n<li>Recht, der Verarbeitung der personenbezogenen Daten aus bestimmten Gr\u00fcnden oder wenn diese Daten zu Direktmarketingzwecken verarbeitet werden, zu widersprechen,<\/li>\n\n\n\n<li>Recht auf Widerruf der Einwilligung zur Erhebung und Verarbeitung personenbezogener Daten,<\/li>\n\n\n\n<li>Recht auf Einreichung einer Beschwerde bei einer Aufsichtsbeh\u00f6rde.<\/li>\n<\/ol>\n\n\n\n<p>Die Nutzer k\u00f6nnen ihre Rechte an personenbezogenen Daten aus\u00fcben, indem sie sich per E-Mail an Lallemand wenden: <a href=\"mailto:privacy-corporate@lallemand.com\" target=\"_blank\" rel=\"noreferrer noopener\">privacy-corporate@lallemand.com<\/a>.<\/p>\n\n\n\n<h3 class=\"wp-block-heading\">Aufbewahrungszeitraum<\/h3>\n\n\n\n<p>Lallemand speichert personenbezogene Daten, die \u00fcber seine Websites erhoben werden, nur so lange, wie es zur Erf\u00fcllung der Zwecke, f\u00fcr die sie erhoben wurden, erforderlich ist, in \u00dcbereinstimmung mit den Grunds\u00e4tzen der Datenminimierung und Verh\u00e4ltnism\u00e4\u00dfigkeit. Personenbezogene Daten d\u00fcrfen nur dann l\u00e4nger aufbewahrt werden, wenn dies gesetzlich vorgeschrieben ist oder f\u00fcr andere legitime Zwecke, einschlie\u00dflich gesetzlicher Verpflichtungen oder laufender Gesch\u00e4ftsanforderungen.<\/p>\n\n\n\n<p>Die von uns verwendeten Cookies k\u00f6nnen unterschiedliche Aufbewahrungsfristen haben: Einige sind Session-Cookies, die automatisch gel\u00f6scht werden, wenn Sie Ihren Browser schlie\u00dfen, w\u00e4hrend andere dauerhafte Cookies sind, die f\u00fcr einen bestimmten Zeitraum (bis zu 13 Monate) auf Ihrem Ger\u00e4t verbleiben, um Sie bei zuk\u00fcnftigen Besuchen wiederzuerkennen. Wir stellen sicher, dass unsere Cookie-Aufbewahrungspraktiken der DSGVO und anderen geltenden Datenschutz- und Sicherheitsstandards entsprechen. Bei Cookies von Drittanbietern k\u00f6nnen Sie sich auch auf deren Datenschutz- oder Cookie-Richtlinien beziehen, um die Aufbewahrungsfrist zu \u00fcberpr\u00fcfen.<\/p>\n\n\n\n<h3 class=\"wp-block-heading\">Sicherheit Ihrer personenbezogenen Daten<\/h3>\n\n\n\n<p>Lallemand setzt sicherheitstechnische Ma\u00dfnahmen der Informationstechnologie ein, um personenbezogene Daten zu sch\u00fctzen. Lallemand implementiert auch organisatorische und administrative Ma\u00dfnahmen, einschlie\u00dflich interne Verfahren, um mit dem Verlust oder \u00c4nderung personenbezogener Daten, unbefugte Offenlegung oder Missbrauch umzugehen.<\/p>\n\n\n\n<h2 class=\"wp-block-heading\">Cookie-Richtlinie<\/h2>\n\n\n\n<p>Diese Cookie-Richtlinie gilt f\u00fcr alle Cookies, die von Lallemand auf seinen Websites verwendet werden, mit Ausnahme der Website des Siebel Institute of Technology, die einer eigenen spezifischen Datenschutz- und Cookie-Richtlinie unterliegt, die auf der Website des Siebel Institute of Technology verf\u00fcgbar ist. Diese Cookie-Richtlinie soll die Nutzer \u00fcber die Art der Cookies informieren, die von Lallemand verwendet werden k\u00f6nnen, und dar\u00fcber, wie die Nutzer ihre Zustimmung zur Verwendung von Cookies auf den Lallemand-Websites verwalten k\u00f6nnen.<\/p>\n\n\n\n<h3 class=\"wp-block-heading\">Art und Verwendung von Cookies<\/h3>\n\n\n\n<p>Cookies sind Datenpakete, die von einer Website an den Computer oder das Ger\u00e4t des Benutzers einer Website gesendet und auf seinem Computer oder Ger\u00e4t gespeichert werden, um der Website zu helfen, die Besuche und Aktivit\u00e4ten des Benutzers auf der Website zu verfolgen.<\/p>\n\n\n\n<p>Lallemand verwendet verschiedene Arten von Cookies, um die Navigation der Benutzer auf seinen Websites zu verbessern und relevantere Inhalte anzubieten, die an die Bed\u00fcrfnisse der Benutzer angepasst sind.<\/p>\n\n\n\n<p><strong>Notwendige <\/strong>Cookies sind f\u00fcr das ordnungsgem\u00e4\u00dfe Funktionieren der Lallemand-Websites unerl\u00e4sslich und erforderlich, um die von den Nutzern der Lallemand-Website angeforderten Dienste anzubieten.&nbsp;&nbsp;<\/p>\n\n\n\n<p><strong>Analyse- und Werbe-Cookies <\/strong>werden von Lallemand nach vorheriger Zustimmung der Nutzer verwendet, um Informationen \u00fcber die Navigation und Pr\u00e4ferenzen der Nutzer auf den Lallemand-Websites zu erhalten und so die Erfahrung der Nutzer auf den Websites, Apps und sozialen Medien von Lallemand zu verbessern.&nbsp;&nbsp;<\/p>\n\n\n\n<p>Diese Cookies sind f\u00fcr die Navigation nicht unbedingt erforderlich, aber sie geben Ihnen die M\u00f6glichkeit, ein personalisiertes Surferlebnis zu genie\u00dfen, das auf Ihre Erwartungen, Bed\u00fcrfnisse und W\u00fcnsche zugeschnitten ist.<\/p>\n\n\n\n<p>Diese Cookies haben mehrere Vorteile f\u00fcr Sie, wie zum Beispiel:<\/p>\n\n\n\n<ul class=\"wp-block-list\">\n<li>Einfachere Navigation durch Anzeigen und Inhalte, die Ihren Bed\u00fcrfnissen entsprechen;<\/li>\n\n\n\n<li>Die Werbung auf unserer Website oder Partnerseiten wird an Ihre Pr\u00e4ferenzen angepasst;<\/li>\n\n\n\n<li>Die Interaktion mit sozialen Netzwerken wird vereinfacht.<\/li>\n<\/ul>\n\n\n\n<p><strong>Cookies von Drittanbietern <\/strong>k\u00f6nnen von Dritten verwendet werden, zu denen Benutzer von den Seiten der Lallemand-Website weitergeleitet werden. Lallemand hat keine Kontrolle \u00fcber die Cookies von Websites Dritter, die nicht im Cookie-Banner der Lallemand-Websites aufgef\u00fchrt sind und der vorherigen Zustimmung der Benutzer unterliegen.&nbsp;<\/p>\n\n\n\n<p>Nachfolgend finden Sie eine Liste unserer Cookies von Drittanbietern, den Zweck ihrer Verwendung und die Aufbewahrungsfrist f\u00fcr die gesammelten Daten.<\/p>\n\n\n\n<p>Liste der Cookies von Drittanbietern:<\/p>\n\n\n\n<figure class=\"wp-block-table\"><table class=\"has-fixed-layout\"><tbody><tr><td><strong>Cookies Name<\/strong><\/td><td><strong>Zweck<\/strong><\/td><td><strong>Aufbewahrungszeitraum<\/strong><\/td><\/tr><tr><td>ADSRVR<\/td><td>St\u00fctzt sich auf Cookies von Drittanbietern, um das Nutzerverhalten f\u00fcr gezielte Werbung zu verfolgen.<\/td><td>12 Monate<\/td><\/tr><tr><td>Exelator<\/td><td>St\u00fctzt sich auf Cookies von Drittanbietern, um das Nutzerverhalten f\u00fcr gezielte Werbung zu verfolgen.<\/td><td>4 Monate<\/td><\/tr><tr><td>Facebook (Pixel)<\/td><td>Ein Tool, das bei der Verfolgung von Aktivit\u00e4ten hilft, indem es Daten \u00fcber die Werbeleistung sammelt und das Werbe-Targeting optimiert.<\/td><td>1 Woche bis 1 Monat<\/td><\/tr><tr><td>Google AdSense<\/td><td>Um das Nutzerverhalten auf verschiedenen Websites zu verfolgen, was es Google erm\u00f6glicht, Werbung basierend auf den Interessen und Verhaltensweisen der Nutzer anzuzeigen. Dies hilft Werbetreibenden, die richtige Zielgruppe zu erreichen, um das Engagement zu erh\u00f6hen.<\/td><td>400 Tage<\/td><\/tr><tr><td>Google Analytics<\/td><td>Ein Webanalyse-Tool zur Verfolgung und Analyse des Website-Verkehrs durch Identifizierung von Trends und Mustern in der Website-Leistung.<\/td><td>400 Tage<\/td><\/tr><tr><td>IntentIQ (Englisch)<\/td><td>Ein Tool zur Verbesserung der Benutzerbindung durch gezielte Werbung.<\/td><td>6 Monate<\/td><\/tr><tr><td>PubMatic (Englisch)<\/td><td>Ein Tool, das Publisher und Werbetreibende dabei unterst\u00fctzt, die richtige Zielgruppe sowie verschiedene Werbeformate auf verschiedenen Ger\u00e4ten anzusprechen.<\/td><td>1 Monat<\/td><\/tr><tr><td>Smaato<\/td><td>Ein mobiles Werbetool, das mobile Werbekampagnen optimiert, um das Engagement zu erh\u00f6hen und die Werbeeinnahmen zu maximieren.<\/td><td>20 Tage<\/td><\/tr><tr><td>Tapad<\/td><td>Ein Tool, das f\u00fcr ger\u00e4te\u00fcbergreifendes Targeting verwendet wird, indem es das Nutzerverhalten verfolgt, um genauere und personalisierte digitale Werbung zu liefern.<\/td><td>12 Monate<\/td><\/tr><\/tbody><\/table><\/figure>\n\n\n\n<p>Liste der Tools, die auf Cookies von Drittanbietern angewiesen sind oder diese verwenden:<\/p>\n\n\n\n<p>Dabei handelt es sich um Website-Tools, die von den Cookies von Drittanbietern verwendet werden, um die Benutzerbindung zu verbessern und sicherzustellen, dass die Werbung die relevante Zielgruppe erreicht.<\/p>\n\n\n\n<figure class=\"wp-block-table\"><table class=\"has-fixed-layout\"><tbody><tr><td><strong>Name<\/strong><\/td><td><strong>Zweck<\/strong><\/td><td><strong>Aufbewahrungszeitraum<\/strong><\/td><\/tr><tr><td>Google Ads-Optimierung<\/td><td>Ein Tool, das verwendet wird, um die Leistung von Werbung zu maximieren, um sicherzustellen, dass die Werbung die richtige Zielgruppe erreicht und die richtige Zielgruppe erreicht.<\/td><td>1 Tag bis 6 Monate<\/td><\/tr><tr><td>Google reCAPTCHA<\/td><td>Ein Sicherheitstool, das verwendet wird, um Websites vor Spam und Missbrauch zu sch\u00fctzen, indem sichergestellt wird, dass es sich bei dem Benutzer um einen Menschen und nicht um einen Bot handelt.<\/td><td>6 Monate<\/td><\/tr><tr><td>Zwitschern<\/td><td>Ein Tool zur Verbesserung der Werbeleistung, indem es die Benutzererfahrung personalisiert und die Interaktion mit LinkedIn-bezogenen Inhalten verfolgt.<\/td><td>6 Monate<\/td><\/tr><tr><td>Simpli.fi<\/td><td>Ein Tool, das geografische Marketingl\u00f6sungen verbessert. Dieses Tool nutzt maschinelles Lernen, um die Echtzeitleistung zu optimieren und so sicherzustellen, dass die richtige Zielgruppe mit personalisierter Werbung angesprochen wird.<\/td><td>1 Woche<\/td><\/tr><\/tbody><\/table><\/figure>\n\n\n\n<h3 class=\"wp-block-heading\">Cookie-Einstellungen<\/h3>\n\n\n\n<p>Um Ihre Cookie-Einstellungen zu verwalten, klicken Sie bitte auf das <strong>Cookie-Banner <\/strong>auf den Lallemand-Websites, das beim ersten Besuch des Benutzers auf den Lallemand-Websites in der unteren rechten Ecke der Webseite angezeigt wird.&nbsp;&nbsp;<\/p>\n\n\n\n<p>Sie k\u00f6nnen die Verwendung von Cookies auch \u00fcber Ihre <strong>Browsereinstellungen<\/strong> einschr\u00e4nken.&nbsp;&nbsp;<\/p>\n\n\n\n<h2 class=\"wp-block-heading\">\u00c4nderungen an dieser Datenschutz- und Cookies-Richtlinie<\/h2>\n\n\n\n<p>Es kann sein, dass Lallemand diese Datenschutz- und Cookies-Richtlinie aktualisieren muss, wenn es neue Funktionen oder neue Funktionen zu seinen Websites hinzuf\u00fcgt. Lallemand beh\u00e4lt sich das Recht vor, diese Datenschutz- und Cookies-Richtlinie zu aktualisieren oder zu \u00fcberarbeiten, um den geltenden Gesetzen und Vorschriften zu entsprechen.<\/p>\n\n\n\n<p>Diese Richtlinie zum Datenschutz und Cookies wurde zuletzt am 17. Januar 2025 aktualisiert.<\/p>\n","protected":false},"excerpt":{"rendered":"<p>Datenschutzrichtlinie Diese Datenschutzrichtlinie gilt f\u00fcr alle Informationen, die \u00fcber Websites von Lallemand Inc. und seinen Tochtergesellschaften (&#8222;Lallemand&#8220;) gesammelt und verarbeitet werden. Diese Datenschutzrichtlinie gilt jedoch nicht f\u00fcr die Website des Siebel Institute of Technology, die einer eigenen spezifischen Datenschutz- und Cookie-Richtlinie unterliegt, die auf der Website des Siebel Institute of Technology verf\u00fcgbar ist.&nbsp; Diese Datenschutzrichtlinie [&hellip;]<\/p>\n","protected":false},"author":1,"featured_media":0,"parent":0,"menu_order":0,"comment_status":"closed","ping_status":"closed","template":"","meta":{"footnotes":""},"class_list":["post-196","page","type-page","status-publish","hentry"],"_links":{"self":[{"href":"https:\/\/legal-information.lallemand.com\/de\/wp-json\/wp\/v2\/pages\/196","targetHints":{"allow":["GET"]}}],"collection":[{"href":"https:\/\/legal-information.lallemand.com\/de\/wp-json\/wp\/v2\/pages"}],"about":[{"href":"https:\/\/legal-information.lallemand.com\/de\/wp-json\/wp\/v2\/types\/page"}],"author":[{"embeddable":true,"href":"https:\/\/legal-information.lallemand.com\/de\/wp-json\/wp\/v2\/users\/1"}],"replies":[{"embeddable":true,"href":"https:\/\/legal-information.lallemand.com\/de\/wp-json\/wp\/v2\/comments?post=196"}],"version-history":[{"count":2,"href":"https:\/\/legal-information.lallemand.com\/de\/wp-json\/wp\/v2\/pages\/196\/revisions"}],"predecessor-version":[{"id":296,"href":"https:\/\/legal-information.lallemand.com\/de\/wp-json\/wp\/v2\/pages\/196\/revisions\/296"}],"wp:attachment":[{"href":"https:\/\/legal-information.lallemand.com\/de\/wp-json\/wp\/v2\/media?parent=196"}],"curies":[{"name":"wp","href":"https:\/\/api.w.org\/{rel}","templated":true}]}}