{"id":38,"date":"2025-05-21T18:13:08","date_gmt":"2025-05-21T18:13:08","guid":{"rendered":"https:\/\/legal-information.lallemand.com\/?page_id=38"},"modified":"2025-05-21T21:18:01","modified_gmt":"2025-05-21T21:18:01","slug":"condiciones-generales-de-venta-lallemand-bio-s-l","status":"publish","type":"page","link":"https:\/\/legal-information.lallemand.com\/es\/condiciones-generales-de-venta-lallemand-bio-s-l\/","title":{"rendered":"Condiciones Generales de Venta &#8211; Lallemand bio, S.L."},"content":{"rendered":"\n<h3 class=\"wp-block-heading\">General<\/h3>\n\n\n\n<ol class=\"wp-block-list\">\n<li>Estas Condiciones Generales de Venta (las \u201cCGV\u201d) rigen la venta y entrega de todos los productos (los \u201cBienes\u201d) y\/o servicios de o en nombre de la entidad del LALLEMAND BIO, S.L. indicada como vendedor en el pedido correspondiente (\u201cLALLEMAND BIO, S.L.\u201d o el \u201cVendedor\u201d), al Comprador.<\/li>\n\n\n\n<li>En caso de discrepancias entre estas las CGV y cualquier acuerdo de suministro vigente entre el Comprador y el Vendedor o cualquier otra condici\u00f3n general de venta aplicable espec\u00edficamente a una unidad de negocio de LALLEMAND BIO, S.L. en particular, prevalecer\u00e1n las disposiciones del acuerdo de suministro o las condiciones generales de venta espec\u00edficas de la unidad de negocio.<\/li>\n\n\n\n<li>Las CGV se consideran aceptadas por el Comprador si el Comprador no se ha opuesto por escrito dentro de los 7 d\u00edas posteriores a la recepci\u00f3n de la aceptaci\u00f3n de LALLEMAND BIO, S.L. de cualquier pedido.<\/li>\n\n\n\n<li>Los pedidos de venta de Productos se regir\u00e1n, pues, por las CGV; que se completar\u00e1n, en su caso, por las condiciones particulares que puedan pactar LALLEMAND BIO, S.L. y el Cliente. Dichas condiciones particulares prevalecer\u00e1n sobre las CGV cuando LALLEMAND BIO, S.L. las haya aceptado expresamente y por escrito<\/li>\n\n\n\n<li>Cualquier comunicaci\u00f3n electr\u00f3nica entre LALLEMAND BIO, S.L. y el Comprador se considerar\u00e1 \u201cescrita\u201d y\/o \u201cpor escrito\u201d. El sistema de comunicaci\u00f3n electr\u00f3nica utilizado por LALLEMAND BIO, S.L. servir\u00e1 como \u00fanica prueba para la recepci\u00f3n de dicha comunicaci\u00f3n electr\u00f3nica, su contenido y fechas de env\u00edo acordadas.<\/li>\n\n\n\n<li>Los pedidos se consideran vinculantes solo una vez aceptados por escrito por LALLEMAND BIO, S.L. LALLEMAND BIO, S.L. puede rechazar un pedido sin que sea necesario explicitar causa alguna.<\/li>\n<\/ol>\n\n\n\n<h3 class=\"wp-block-heading\">Precio<\/h3>\n\n\n\n<ol start=\"7\" class=\"wp-block-list\">\n<li>Los precios y las monedas de los Productos de LALLEMAND BIO, S.L. se establecen en la oferta comercial de LALLEMAND BIO, S.L. A menos que se acuerde lo contrario, los precios de LALLEMAND BIO, S.L. incluyen el embalaje est\u00e1ndar, pero no incluyen el Impuesto al Valor A\u00f1adido ni ning\u00fan otro impuesto recaudado. El importe de los impuestos recaudados en relaci\u00f3n con la venta de los Bienes ser\u00e1 pagado por el Comprador y se indicar\u00e1 por separado a cada factura de LALLEMAND BIO, S.L. al Comprador.<\/li>\n\n\n\n<li>LALLEMAND BIO, S.L. tiene derecho a aumentar el precio de los Bienes pendientes de entrega si alguno de los elementos del precio de coste ha sido objeto de un incremento. Estos elementos incluyen, pero no se limitan a: materias primas y auxiliares, energ\u00eda, productos suministrados a LALLEMAND BIO, S.L. por terceros, sueldos, salarios, seguridad social, contribuciones, cargas gubernamentales, y costos de flete y primas de seguros. LALLEMAND BIO, S.L. notificar\u00e1 al Comprador dichos incrementos de precios.<\/li>\n<\/ol>\n\n\n\n<h3 class=\"wp-block-heading\">Pago<\/h3>\n\n\n\n<ol start=\"9\" class=\"wp-block-list\">\n<li>El Cliente abonar\u00e1 el precio correspondiente a cada pedido de los Productos, mediante m\u00e9todo acordado con LALLEMAND BIO, S.L., en el plazo de 30 d\u00edas desde la fecha de la factura que tal efecto le emitir\u00e1 LALLEMAND BIO, S.L., la cual coincidir\u00e1, en principio, con la fecha de expedici\u00f3n de los Productos o mediante cualquier otro m\u00e9todo de pago acordado previamente por escrito con LALLEMAND BIO, S.L., incluido entre otros, el pago por adelantado. Las facturas son pagaderas al tipo de cambio vigente en la fecha de la factura. Cualquier tarifa adicional relacionada con el pago ser\u00e1 pagada por el Comprador.<\/li>\n\n\n\n<li>En caso de impago total o parcial del precio de alg\u00fan pedido de Productos, a la fecha de vencimiento, en aplicaci\u00f3n de la Ley 3\/2004 de 29 de Diciembre, Art\u00edculo 5, el importe vencido y no pagado devengar\u00e1 los intereses de demora correspondientes sin necesidad de aviso de vencimiento ni intimaci\u00f3n alguna por parte de LALLEMAND BIO, S.L. Todos los costes incurridos por LALLEMAND BIO, S.L. en el cobro de cualquier factura pendiente ser\u00e1n reembolsados por el Comprador. LALLEMAND BIO, S.L. estar\u00e1 facultada para suspender o cancelar las entregas pendientes de Productos al Cliente, mientras no se abone el pedido cuyo pago se halle vencido y exigible, o a requerir el pago anticipado de cualquier nuevo pedido.<\/li>\n\n\n\n<li>LALLEMAND BIO, .SL. se reserva el derecho a fijar un l\u00edmite de cr\u00e9dito para cada cliente y a subordinar las entregas en base a este l\u00edmite y\/o a la presentaci\u00f3n de una garant\u00eda de pago suficiente. En caso de retraso o de incidencia en el pago, LALLEMAND BIO, S.L. podr\u00e1 proceder a la recuperaci\u00f3n de la mercanc\u00eda pendiente de pago y\/o a la iniciaci\u00f3n de acciones legales que le asistan. LALLEMAND BIO, S.L. se reserva el derecho de reclamar los gastos prejudiciales, especialmente los gastos de requerimientos y costes de abogados.<\/li>\n\n\n\n<li>Cualquier reclamaci\u00f3n relativa a una factura deber\u00e1 ser notificada por escrito a LALLEMAND BIO, S.L. en el plazo de 8 d\u00edas desde la fecha de la factura. Despu\u00e9s de ese retraso, se considera que el Comprador ha aceptado dicha factura.<\/li>\n<\/ol>\n\n\n\n<h3 class=\"wp-block-heading\">Entrega y recepci\u00f3n<\/h3>\n\n\n\n<ol start=\"13\" class=\"wp-block-list\">\n<li>Los plazos de entrega de los pedidos de Productos se entender\u00e1n fijados con car\u00e1cter estimatorio o aproximado, y en ning\u00fan caso de cumplimiento esencial. Por tanto, LALLEMAND BIO, S.L. no ser\u00e1 responsable frente al Cliente por cualesquiera retrasos en la entrega de los Productos.<\/li>\n\n\n\n<li>En todo caso, LALLEMAND BIO, S.L. procurar\u00e1 atender y suministrar los pedidos de Productos dentro de los plazos convenidos con el Cliente, siempre que sus recursos y capacidades de producci\u00f3n se lo permitan. Del mismo modo, LALLEMAND BIO, S.L. podr\u00e1 realizar entregas parciales del pedido, devengando cada entrega parcial la correspondiente obligaci\u00f3n de pago a cargo del Cliente<\/li>\n\n\n\n<li>Se considera que el transitario elegido por LALLEMAND BIO, S.L. seg\u00fan los incoterms aplicables a la compraventa, act\u00faa en nombre del Comprador. Si se observan da\u00f1os y perjuicios en el momento de la entrega de los Bienes, no se podr\u00e1 ejercer ning\u00fan recurso contra LALLEMAND BIO, S.L.<\/li>\n<\/ol>\n\n\n\n<h3 class=\"wp-block-heading\">Inspecci\u00f3n y conformidad con las especificaciones<\/h3>\n\n\n\n<ol start=\"16\" class=\"wp-block-list\">\n<li>La conformidad del Cliente, en cuanto a la cantidad entregada de Productos respecto de un pedido en cuesti\u00f3n, se efectuar\u00e1 mediante la firma del correspondiente albar\u00e1n o, en su caso, del albar\u00e1n del transportista, en el mismo momento de su entrega. Si el Cliente no efect\u00faa su reclamaci\u00f3n sobre un posible defecto de cantidad al tiempo de recibir los Productos, LALLEMAND BIO, S.L. no asumir\u00e1 responsabilidad alguna.<\/li>\n\n\n\n<li>El Cliente deber\u00e1 examinar los Productos, con la mayor brevedad posible tras su recepci\u00f3n, para verificar su conformidad con el tipo de Producto objeto del pedido, y la ausencia de defectos aparentes u ocultos en los mismos. En todo caso, tras la recepci\u00f3n de los Productos, el Cliente dispondr\u00e1 de un plazo de 24 hrs. para reclamar a LALLEMAND BIO, S.L. por una eventual diferencia de tipo de los Productos entregados con los solicitados o por la existencia de un defecto aparente en los mismos. De detectar el Cliente un posible defecto interno o no aparente en los Productos, el plazo de que dispondr\u00e1 para reclamar a LALLEMAND BIO, S.L. ser\u00e1 de 7 d\u00edas tras su recepci\u00f3n. LALLEMAND BIO, S.L. no admitir\u00e1 las reclamaciones que reciba con posterioridad al transcurso de los plazos anteriormente se\u00f1alados.<\/li>\n\n\n\n<li>Si la reclamaci\u00f3n del Cliente es justificada y recibida en plazo, LALLEMAND BIO, S.L. tendr\u00e1 \u00fanica y exclusivamente la obligaci\u00f3n de reponer los Productos defectuosos por otros que los sustituyan, y no ser\u00e1 responsable de ning\u00fan da\u00f1o o perjuicio que pudiera derivarse para el Cliente del retraso o falta de entrega de Productos conformes, en particular del lucro cesante, p\u00e9rdidas de producci\u00f3n o de beneficios, conforme a lo dispuesto en la Condici\u00f3n 26 siguiente.<\/li>\n\n\n\n<li>La determinaci\u00f3n de si los Bienes entregados se ajustan o no a las especificaciones acordadas como se indica en la oferta comercial de LALLEMAND BIO, S.L. o, en ausencia de especificaciones acordadas, a las especificaciones m\u00e1s recientes aprobadas por LALLEMAND BIO, S.L. en el momento de la entrega de los Bienes (las \u201cEspecificaciones\u201d), se realizar\u00e1 \u00fanicamente mediante el an\u00e1lisis de las muestras o registros conservados por LALLEMAND BIO, S.L. y tomados de los lotes o series de producci\u00f3n en los que se produjeron los Bienes, de acuerdo con los m\u00e9todos de an\u00e1lisis utilizados por LALLEMAND BIO, S.L.. Los bienes que sean devueltos a LALLEMAND BIO, S.L. siguiendo sus instrucciones ser\u00e1n devueltos a LALLEMAND BIO, S.L. por cuenta y riesgo del Comprador al destino indicado por LALLEMAND BIO, S.L.<\/li>\n\n\n\n<li>Los defectos de partes de los Bienes no dan derecho al Comprador a rechazar la entrega de todo el pedido. Las quejas, si las hubiera, no afectan la obligaci\u00f3n de pago del Comprador. Al recibir una notificaci\u00f3n de defecto, LALLEMAND BIO, S.L. tiene derecho a suspender todas las entregas posteriores hasta que se demuestre que las quejas son infundadas y \/ o refutadas o hasta que el defecto haya sido totalmente subsanado, en caso de que efectivamente lo hubiera.<\/li>\n<\/ol>\n\n\n\n<h3 class=\"wp-block-heading\">Riesgo y transferencia de propiedad<\/h3>\n\n\n\n<ol start=\"21\" class=\"wp-block-list\">\n<li>Los riesgos para los Bienes se transferir\u00e1n al Comprador de acuerdo con el incoterm de venta aplicable.<\/li>\n\n\n\n<li>Los bienes cuya entrega est\u00e9 pendiente de pago por parte del Comprador, as\u00ed como los Bienes cuya entrega sea rechazada o no aceptada por el Comprador sin causa justificada, ser\u00e1n retenidos y almacenados por LALLEMAND BIO, S.L. por cuenta y riesgo del Comprador.<\/li>\n\n\n\n<li>LALLEMAND BIO, S.L. se reserva el derecho a la plena propiedad de los Productos vendidos hasta al pago total y efectivo por el Cliente del precio e importes facturados. En consecuencia, hasta que no se efect\u00fae el pago \u00edntegro de las cantidades facturadas, el Cliente ser\u00e1 un mero depositario de los Productos, sin que ello suponga exoneraci\u00f3n del r\u00e9gimen de responsabilidad derivado de la entrega y traspaso posesorio<\/li>\n<\/ol>\n\n\n\n<h3 class=\"wp-block-heading\">Garant\u00eda<\/h3>\n\n\n\n<ol start=\"24\" class=\"wp-block-list\">\n<li>LALLEMAND BIO, S.L. \u00fanicamente garantiza que los Bienes se ajustar\u00e1n a las Especificaciones en la fecha de entrega. En caso de que los Bienes no cumplan con dicha garant\u00eda, determinada de conformidad con los art\u00edculos 15 y 16 de estas CGV, LALLEMAND BIO, S.L. podr\u00e1, a su propia discreci\u00f3n dentro de un plazo razonable, reemplazar los Bienes sin cargo alguno para el Comprador, o emitir una nota de cr\u00e9dito por cualquiera de dichos Bienes por el importe de la factura original. Por lo tanto, la obligaci\u00f3n de LALLEMAND BIO, S.L. se limita a la sustituci\u00f3n de los Bienes o a la emisi\u00f3n de una nota de cr\u00e9dito para los Bienes. <\/li>\n\n\n\n<li>La obligaci\u00f3n de LALLEMAND BIO, S.L. de reemplazar o acreditar estar\u00e1 supeditada a la recepci\u00f3n por parte de LALLEMAND BIO, S.L. de la notificaci\u00f3n oportuna de cualquier supuesta no conformidad y, en su caso, la devoluci\u00f3n de los Bienes de conformidad con el art\u00edculo 15 Y 16 de estas CGV. La garant\u00eda anterior es exclusiva y sustituye a todas las dem\u00e1s garant\u00edas expresas, impl\u00edcitas, estatutarias o cualquier otra representaci\u00f3n, condiciones o t\u00e9rminos, incluyendo, sin limitaci\u00f3n, cualquier garant\u00eda de comerciabilidad, idoneidad para cualquier otro prop\u00f3sito y \/ o infracci\u00f3n de cualquier reclamo en cualquier derecho de propiedad intelectual que cubra los Bienes.<\/li>\n<\/ol>\n\n\n\n<h3 class=\"wp-block-heading\">Limitaci\u00f3n de responsabilidad e indemnizaci\u00f3n<\/h3>\n\n\n\n<ol start=\"26\" class=\"wp-block-list\">\n<li>La responsabilidad de LALLEMAND BIO, S.L., por todas y cada una de las reclamaciones por da\u00f1os que surjan de o en relaci\u00f3n con los Bienes y, por lo tanto, el uso no exceder\u00e1 en ninguna circunstancia la suma de los pagos del Comprador por los Bienes que est\u00e1n sujetos a la reclamaci\u00f3n. Bajo ninguna circunstancia LALLEMAND BIO, S.L. ser\u00e1 responsable ante el Comprador o cualquier otra persona por cualquier tipo de da\u00f1o, p\u00e9rdida, costo o gasto especial, incidental, indirecto o punitivo, incluidos, entre otros, da\u00f1os basados en la p\u00e9rdida de buena voluntad, p\u00e9rdida de ventas o beneficios, p\u00e9rdida de imagen, interrupci\u00f3n del trabajo, falla de producci\u00f3n, deterioro de otros Bienes o de otro tipo, y ya sea que surja de o en conexi\u00f3n con el incumplimiento de la garant\u00eda, incumplimiento de contrato, tergiversaci\u00f3n, negligencia o de otro tipo.<\/li>\n\n\n\n<li>El Comprador indemnizar\u00e1 y eximir\u00e1 de responsabilidad a LALLEMAND BIO, S.L. y sus filiales, funcionarios, directores, agentes y empleados contra cualquier responsabilidad, da\u00f1o, p\u00e9rdida, costo o gasto (incluidos los honorarios razonables de abogados) demanda, reclamaci\u00f3n, demanda, juicio y enjuiciamiento, ya sea que se base en la responsabilidad civil, legal o penal de cualquier tercero o autoridad reguladora, que surja de: (i) el incumplimiento por parte del Comprador de las leyes y regulaciones aplicables; o (ii) la venta, comercializaci\u00f3n, distribuci\u00f3n, promoci\u00f3n, almacenamiento, manejo de los Bienes por parte del Comprador o sus afiliados o sus propios distribuidores; o (iii) actos u omisiones defectuosos del Comprador, los de sus proveedores, subcontratistas, agentes, empleados o empleados o (iv) cualquier reclamo realizado por el Comprador en el embalaje y material promocional relacionado con los Bienes o cualquier producto terminado hecho de o que contenga los Bienes.<\/li>\n\n\n\n<li>En todo caso, de venir obligada LALLEMAND BIO, S.L. a asumir responsabilidad alguna por da\u00f1os y perjuicios sufridos por el Cliente, la misma vendr\u00e1 limitada a una cantidad equivalente al importe correspondiente al pedido del Producto causante del da\u00f1o, salvo que una ley imperativa aplicable imponga a LALLEMAND BIO, S.L. un l\u00edmite cuantitativo mayor. As\u00ed mismo, el Cliente no podr\u00e1 reclamar a LALLEMAND BIO, S.L. por cualquier da\u00f1o transcurridos seis (6) meses a contar desde que el riesgo de los Productos haya sido transferido al Cliente, a no ser que la legislaci\u00f3n vigente  establezca un plazo superior.<\/li>\n\n\n\n<li>El Cliente ser\u00e1 el \u00fanico responsable, exonerando en lo procedente a LALLEMAND BIO, S.L., por los da\u00f1os que se deriven frente a sus propios empleados o terceros de un inadecuado uso, almacenamiento, conservaci\u00f3n, manipulaci\u00f3n o transformaci\u00f3n de los Productos; en particular, con car\u00e1cter no limitativo, cuando no haya observado las indicaciones, advertencias o instrucciones que LALLEMAND BIO, S.L. haya podido proporcionarle al respecto.<\/li>\n\n\n\n<li>LALLEMAND BIO, S.L. no ser\u00e1 responsable en ning\u00fan caso frente a terceros por causas ajenas al mismo, incluyendo el incumplimiento por parte del Cliente de la normativa aplicable a los productos y sustancias qu\u00edmicas. El Cliente mantendr\u00e1 indemne a LALLEMAND BIO, S.L. de toda responsabilidad frente a cualesquiera reclamaciones, da\u00f1os y\/o perjuicios que se deriven, directa o indirectamente, del incumplimiento de las obligaciones asumidas por el primero en virtud de su relaci\u00f3n contractual.<\/li>\n<\/ol>\n\n\n\n<h3 class=\"wp-block-heading\">Fuerza mayor<\/h3>\n\n\n\n<ol start=\"31\" class=\"wp-block-list\">\n<li>LALLEMAND BIO, S.L. no ser\u00e1 responsable por el incumplimiento o retraso en el cumplimiento de sus obligaciones frente al Cliente, si estuviese motivado por cualesquiera razones de caso fortuito o de fuerza mayor que afecten tanto a LALLEMAND BIO, S.L. como a sus proveedores o transportistas, incluidos los supuestos de huelga, otras contingencias laborales o industriales, carencia o imposibilidad de obtenci\u00f3n de materias primas, ataques cibern\u00e9ticos, incluidos, entre otros, violaciones de datos, ransomware, denegaci\u00f3n de servicio u otros incidentes maliciosos de ciberseguridad, etc. El afectado deber\u00e1 notificar por escrito al otro miembro dentro de los quince (15) d\u00edas siguientes al cese de la causa de fuerza mayor contemplados en la legislaci\u00f3n vigente. Si la causa de fuerza mayor contin\u00faa durante m\u00e1s de tres (3) meses a partir de la fecha de su ocurrencia, cualquiera de las partes podr\u00e1 rescindir la orden previa notificaci\u00f3n por escrito a la otra.<\/li>\n<\/ol>\n\n\n\n<h3 class=\"wp-block-heading\">Renuncia<\/h3>\n\n\n\n<ol start=\"32\" class=\"wp-block-list\">\n<li>El incumplimiento o retraso por parte de cualquier parte del presente documento para ejercer cualquier derecho, privilegio, recurso o poder de conformidad con estas CGV no act\u00faa como una renuncia a dichos derechos, privilegios, recursos o poderes.<\/li>\n<\/ol>\n\n\n\n<h3 class=\"wp-block-heading\">Integraci\u00f3n del contrato<\/h3>\n\n\n\n<ol start=\"33\" class=\"wp-block-list\">\n<li>En aplicaci\u00f3n del art\u00edculo 1.258 del C\u00f3digo Civil, en el caso de que cualquier disposici\u00f3n de estas CGV se declare ilegal, inv\u00e1lida o inaplicable, dicha disposici\u00f3n se reformar\u00e1, si es posible, o se eliminar\u00e1 de otra manera y el resto de estas CGV no se ver\u00e1n afectadas.<\/li>\n<\/ol>\n\n\n\n<h3 class=\"wp-block-heading\">Propiedad intelectual<\/h3>\n\n\n\n<ol start=\"34\" class=\"wp-block-list\">\n<li>Todos los expedientes de propiedad intelectual y regulatorios relacionados con los Productos son propiedad exclusiva de LALLEMAND BIO, S.L.<\/li>\n<\/ol>\n\n\n\n<h3 class=\"wp-block-heading\">Datos personales<\/h3>\n\n\n\n<ol start=\"35\" class=\"wp-block-list\">\n<li>Como algunos datos personales de un Comprador, persona f\u00edsica, son necesarios para procesar pedidos y gestionar la relaci\u00f3n comercial, al realizar un pedido con LALLEMAND BIO, S.L., el cliente da su consentimiento para el procesamiento de los datos personales que revela a LALLEMAND BIO, S.L. El Comprador puede retirar el consentimiento en cualquier momento. Los datos divulgados se almacenan en el archivo de los Clientes de LALLEMAND BIO, S.L. y LALLEMAND BIO, S.L. ha implementado medidas t\u00e9cnicas y organizativas apropiadas para asegurar la protecci\u00f3n de los datos personales bajo su control. De conformidad con las leyes y reglamentos aplicables, el cliente tiene derecho de acceso, rectificaci\u00f3n, supresi\u00f3n, limitaci\u00f3n del procesamiento, oposici\u00f3n, oposici\u00f3n y portabilidad de sus datos personales, que se han recopilado para procesar el pedido y gestionar la relaci\u00f3n comercial. Si la persona f\u00edsica desea ejercer alguno de sus derechos, deber\u00e1 enviar una carta con una prueba de identidad (una copia del DNI) a la persona responsable del procesamiento bajo el nombre y la siguiente direcci\u00f3n: <a href=\"mailto:gestiondatos@lallemand.com\">gestiondatos@lallemand.com<\/a><\/li>\n<\/ol>\n\n\n\n<h3 class=\"wp-block-heading\">Leyes aplicables y resoluci\u00f3n de disputas<\/h3>\n\n\n\n<ol start=\"36\" class=\"wp-block-list\">\n<li>Las relaciones contractuales entre LALLEMAND BIO, S.L. y el Cliente, objeto de las presentes CGV, se regir\u00e1n \u00fanicamente por el Derecho Espa\u00f1ol, con exclusi\u00f3n de la Convenci\u00f3n de Viena sobre Compraventa Internacional de Mercader\u00edas de 1980.<\/li>\n\n\n\n<li>En caso de cualquier disputa, controversia o reclamaci\u00f3n que surja de o en relaci\u00f3n con las CGV, las partes intentar\u00e1n de buena fe, resolver dicha disputa de manera amistosa. Sin embargo, si la controversia surgida no pudiera ser resuelta entre las partes de la forma anteriormente se\u00f1alada, todas las cuestiones litigiosas derivadas de las relaciones contractuales objeto de las CGV, LALLEMAND BIO, S.L. y el Cliente se someten, con expresa renuncia a cualquier otro fuero que pudiera corresponderles, a la jurisdicci\u00f3n exclusiva de los Tribunales de la ciudad de Barcelona. No obstante, en el supuesto de incumplimiento por el Cliente de cualesquiera obligaciones de pago derivadas de las presentes CGV, LALLEMAND BIO, S.L. podr\u00e1 optar, alternativamente, por ejercitar las acciones legales que le correspondan ante los Tribunales del lugar donde se halle el domicilio del Cliente.<\/li>\n<\/ol>\n","protected":false},"excerpt":{"rendered":"<p>General Precio Pago Entrega y recepci\u00f3n Inspecci\u00f3n y conformidad con las especificaciones Riesgo y transferencia de propiedad Garant\u00eda Limitaci\u00f3n de responsabilidad e indemnizaci\u00f3n Fuerza mayor Renuncia Integraci\u00f3n del contrato Propiedad intelectual Datos personales Leyes aplicables y resoluci\u00f3n de disputas<\/p>\n","protected":false},"author":1,"featured_media":0,"parent":0,"menu_order":0,"comment_status":"closed","ping_status":"closed","template":"","meta":{"footnotes":""},"class_list":["post-38","page","type-page","status-publish","hentry"],"_links":{"self":[{"href":"https:\/\/legal-information.lallemand.com\/es\/wp-json\/wp\/v2\/pages\/38","targetHints":{"allow":["GET"]}}],"collection":[{"href":"https:\/\/legal-information.lallemand.com\/es\/wp-json\/wp\/v2\/pages"}],"about":[{"href":"https:\/\/legal-information.lallemand.com\/es\/wp-json\/wp\/v2\/types\/page"}],"author":[{"embeddable":true,"href":"https:\/\/legal-information.lallemand.com\/es\/wp-json\/wp\/v2\/users\/1"}],"replies":[{"embeddable":true,"href":"https:\/\/legal-information.lallemand.com\/es\/wp-json\/wp\/v2\/comments?post=38"}],"version-history":[{"count":6,"href":"https:\/\/legal-information.lallemand.com\/es\/wp-json\/wp\/v2\/pages\/38\/revisions"}],"predecessor-version":[{"id":344,"href":"https:\/\/legal-information.lallemand.com\/es\/wp-json\/wp\/v2\/pages\/38\/revisions\/344"}],"wp:attachment":[{"href":"https:\/\/legal-information.lallemand.com\/es\/wp-json\/wp\/v2\/media?parent=38"}],"curies":[{"name":"wp","href":"https:\/\/api.w.org\/{rel}","templated":true}]}}