{"id":13,"date":"2023-05-27T13:44:40","date_gmt":"2023-05-27T13:44:40","guid":{"rendered":"https:\/\/policies.lallemand.com\/?page_id=13"},"modified":"2023-05-27T13:46:18","modified_gmt":"2023-05-27T13:46:18","slug":"avertissement-legal","status":"publish","type":"page","link":"https:\/\/legal-information.lallemand.com\/fr\/avertissement-legal\/","title":{"rendered":"Avertissement l\u00e9gal"},"content":{"rendered":"\n<p><strong>G\u00e9n\u00e9ral<\/strong><\/p>\n\n\n\n<p>Les termes de cet avertissement (ci-apr\u00e8s d\u00e9nomm\u00e9s \u00ab&nbsp;Avertissement&nbsp;\u00bb) sont applicables \u00e0 ce site web (http:\/\/www.lallemand.com) de Lallemand Inc., avec son principal \u00e9tablissement situ\u00e9 \u00e0 Montr\u00e9al, Qu\u00e9bec, Canada. S\u2019il vous pla\u00eet lire attentivement cet Avertissement.<\/p>\n\n\n\n<p>En acc\u00e9dant \u00e0 ce site web ou en utilisant les informations fournies sur ou via ce site web, vous acceptez d\u2019\u00eatre li\u00e9 par le pr\u00e9sent Avertissement. En cas de conflit entre cet Avertissement et les termes et conditions des produits et services sp\u00e9cifiques, les conditions sp\u00e9cifiques \u00e0 ces produits et services pr\u00e9vaudront.<\/p>\n\n\n\n<p><strong>L\u2019utilisation de ce site web<\/strong><\/p>\n\n\n\n<p>Les informations fournies sur ou via ce site web ne doivent pas \u00eatre utilis\u00e9 comme un substitut \u00e0 toute forme de conseil. Les d\u00e9cisions fond\u00e9es sur ces informations sont pour votre propre compte et risque.<\/p>\n\n\n\n<p>Bien que Lallemand Inc. tente de fournir information exacte, compl\u00e8te et \u00e0 jour, qui a \u00e9t\u00e9 obtenu \u00e0 partir de sources consid\u00e9r\u00e9es comme fiables, Lallemand Inc. ne fait aucune garantie ou repr\u00e9sentation, explicite ou implicite, quant \u00e0 savoir si l\u2019information fournie sur ou via ce site web sont exactes, compl\u00e8tes ou \u00e0 jour.<\/p>\n\n\n\n<p>Ce site web est contr\u00f4l\u00e9 et maintenu du Canada, et Lallemand Inc. ne fait aucune repr\u00e9sentation que les informations fournies sur ou via ce site web est appropri\u00e9 ou disponible pour une utilisation dans d\u2019autres endroits. Si vous acc\u00e9dez ou l\u2019utilisez ce site web \u00e0 partir d\u2019autres endroits, vous \u00eates responsable du respect des lois locales applicables.<\/p>\n\n\n\n<p>Lallemand Inc. ne garantit pas que ce site ce web fonctionne sans erreurs ou interruption.<\/p>\n\n\n\n<p>Il est interdit d\u2019utiliser ce site Web pour faire obstacle \u00e0 l\u2019utilisation d\u2019autres utilisateurs d\u2019Internet, pour mettre en danger \/ compromettre le fonctionnement de ce site web et \/ ou pour affecter les informations fournies sur ou via ce site web.<\/p>\n\n\n\n<p><strong>Informations provenant de tierce parties, produits et services<\/strong><\/p>\n\n\n\n<p>O\u00f9 Lallemand Inc. fournit des liens hypertextes vers des sites web de tierce parties, ces liens ne sont pas une approbation par Lallemand Inc. des produits ou services fournis sur ou via ces sites. L\u2019utilisation de ces liens est enti\u00e8rement \u00e0 vos propres risques et Lallemand Inc. d\u00e9cline toute responsabilit\u00e9 pour le contenu, l\u2019utilisation ou la disponibilit\u00e9 de ces sites web. Lallemand Inc. n\u2019a pas v\u00e9rifi\u00e9 la v\u00e9racit\u00e9, l\u2019exactitude, la vraisemblance, la fiabilit\u00e9, ou l\u2019exhaustivit\u00e9 de tout contenu de ces sites web.<\/p>\n\n\n\n<p><strong>Propri\u00e9t\u00e9 intellectuelle<\/strong><\/p>\n\n\n\n<p>Lallemand Inc., ou le propri\u00e9taire concern\u00e9, conserve tous les droits (y compris les droits d\u2019auteur, marques, brevets ainsi que tout autre droit de propri\u00e9t\u00e9 intellectuelle) par rapport \u00e0 toutes les informations fournies sur ou via ce site web (y compris tous les textes, graphiques et logos). Vous ne pouvez pas copier, t\u00e9l\u00e9charger, publier, distribuer ou reproduire des informations contenues sur ce site, sous quelconque forme, sans le consentement \u00e9crit de Lallemand Inc. ou le appropri\u00e9 consentement du propri\u00e9taire. Cependant, vous pouvez imprimer et \/ ou t\u00e9l\u00e9charger des informations contenues sur ce site web pour votre propre usage personnel. Liens vers Lallemand Inc. ne sont pas autoris\u00e9s sans l\u2019accord \u00e9crit de Lallemand Inc.<\/p>\n\n\n\n<p><strong>Communication en ligne<\/strong><\/p>\n\n\n\n<p>Les messages que vous envoyez \u00e0 Lallemand Inc. par e-mail peuvent ne pas \u00eatre s\u00e9curis\u00e9s. Lallemand Inc. vous recommande de ne pas envoyer d\u2019informations confidentielles \u00e0 Lallemand Inc. par e-mail. Si vous choisissez d\u2019envoyer des messages \u00e0 Lallemand Inc. via e-mail, vous acceptez le risque qu\u2019ils peuvent \u00eatre intercept\u00e9s, mal utilis\u00e9s et modifi\u00e9s par un tiers.<\/p>\n\n\n\n<p><strong>Exclusion de responsabilit\u00e9<\/strong><\/p>\n\n\n\n<p>Ni Lallemand Inc., ni aucun de ses agents ou sous-traitants sont responsables des dommages directs, indirects, particuliers, accessoires, punitifs ou exemplaires, y compris mais sans s\u2019y limiter \u00e0 des pertes financi\u00e8res, pertes de profits ou de violation de l\u2019image de marque (m\u00eame si Lallemand Inc. est conseill\u00e9 de la possibilit\u00e9 de celle-ci) r\u00e9sultantes (i) des d\u00e9fauts, des virus ou d\u2019autres dysfonctionnements caus\u00e9s \u00e0 tout \u00e9quipement et d\u2019autres logiciels en rapport avec l\u2019acc\u00e8s ou l\u2019utilisation de ce site web, (ii) des informations fournies sur ou via ce site web, (iii) de l\u2019interception, la modification ou la mauvaise utilisation des informations transmises \u00e0 Lallemand Inc. ou transmis \u00e0 vous, (iv) du&nbsp;fonctionnement ou la non-disponibilit\u00e9 de ce site web, (v)de &nbsp;l\u2019utilisation abusive de ce site web, (vi) de la perte de donn\u00e9es, (vii) du t\u00e9l\u00e9chargement ou de l\u2019utilisation de tout logiciel mis \u00e0 disposition par ce site web, ou (viii) des r\u00e9clamations des tierce parties en relation avec l\u2019utilisation de ce site web.<\/p>\n\n\n\n<p>L\u2019exclusion de responsabilit\u00e9 est \u00e9galement faite au profit des administrateurs et employ\u00e9s de Lallemand Inc.<\/p>\n\n\n\n<p><strong>Loi applicable<\/strong><\/p>\n\n\n\n<p>Le site Web et son Avertissement seront r\u00e9gis et interpr\u00e9t\u00e9s conform\u00e9ment aux lois du Canada. Tous les litiges d\u00e9coulant de, ou en relation avec, cet Avertissement seront soumis \u00e0 la comp\u00e9tence exclusive des tribunaux du Canada.<\/p>\n\n\n\n<p><strong>Modifications<\/strong><\/p>\n\n\n\n<p>Lallemand Inc. se r\u00e9serve le droit de modifier les informations fournies sur ou via ce site web, y compris les termes du pr\u00e9sent Avertissement, \u00e0 tout moment et sans pr\u00e9avis. Il est recommand\u00e9 de consulter p\u00e9riodiquement les informations fournies sur ou via ce site web, y compris les termes du pr\u00e9sent Avertissement.<\/p>\n","protected":false},"excerpt":{"rendered":"<p>G\u00e9n\u00e9ral Les termes de cet avertissement (ci-apr\u00e8s d\u00e9nomm\u00e9s \u00ab&nbsp;Avertissement&nbsp;\u00bb) sont applicables \u00e0 ce site web (http:\/\/www.lallemand.com) de Lallemand Inc., avec son principal \u00e9tablissement situ\u00e9 \u00e0 Montr\u00e9al, Qu\u00e9bec, Canada. S\u2019il vous pla\u00eet lire attentivement cet Avertissement. En acc\u00e9dant \u00e0 ce site web ou en utilisant les informations fournies sur ou via ce site web, vous acceptez [&hellip;]<\/p>\n","protected":false},"author":1,"featured_media":0,"parent":0,"menu_order":0,"comment_status":"closed","ping_status":"closed","template":"","meta":{"footnotes":""},"class_list":["post-13","page","type-page","status-publish","hentry"],"_links":{"self":[{"href":"https:\/\/legal-information.lallemand.com\/fr\/wp-json\/wp\/v2\/pages\/13","targetHints":{"allow":["GET"]}}],"collection":[{"href":"https:\/\/legal-information.lallemand.com\/fr\/wp-json\/wp\/v2\/pages"}],"about":[{"href":"https:\/\/legal-information.lallemand.com\/fr\/wp-json\/wp\/v2\/types\/page"}],"author":[{"embeddable":true,"href":"https:\/\/legal-information.lallemand.com\/fr\/wp-json\/wp\/v2\/users\/1"}],"replies":[{"embeddable":true,"href":"https:\/\/legal-information.lallemand.com\/fr\/wp-json\/wp\/v2\/comments?post=13"}],"version-history":[{"count":1,"href":"https:\/\/legal-information.lallemand.com\/fr\/wp-json\/wp\/v2\/pages\/13\/revisions"}],"predecessor-version":[{"id":14,"href":"https:\/\/legal-information.lallemand.com\/fr\/wp-json\/wp\/v2\/pages\/13\/revisions\/14"}],"wp:attachment":[{"href":"https:\/\/legal-information.lallemand.com\/fr\/wp-json\/wp\/v2\/media?parent=13"}],"curies":[{"name":"wp","href":"https:\/\/api.w.org\/{rel}","templated":true}]}}