{"id":155,"date":"2023-05-27T13:47:51","date_gmt":"2023-05-27T13:47:51","guid":{"rendered":"https:\/\/legal-information.lallemand.com\/?page_id=155"},"modified":"2025-04-08T13:31:11","modified_gmt":"2025-04-08T13:31:11","slug":"politica-sulla-privacy-e-sui-cookie","status":"publish","type":"page","link":"https:\/\/legal-information.lallemand.com\/it\/politica-sulla-privacy-e-sui-cookie\/","title":{"rendered":"INFORMATIVA SULLA PRIVACY E SUI COOKIE DI LALLEMAND"},"content":{"rendered":"\n<h2 class=\"wp-block-heading\">Informativa sulla privacy<\/h2>\n\n\n\n<p>La presente Informativa sulla privacy si applica a tutte le informazioni raccolte ed elaborate attraverso i siti Web di propriet\u00e0 di Lallemand Inc. e delle sue consociate. (&#8220;Lallemand&#8221;). Tuttavia, la presente Informativa sulla privacy non si applica al sito Web del Siebel Institute of Technology, che \u00e8 regolato dalla propria specifica politica sulla privacy e sui cookie disponibile sul sito Web del Siebel Institute of Technology.&nbsp; La presente Informativa sulla privacy ha lo scopo di informare gli utenti dei siti web di Lallemand (&#8220;Utenti&#8221;) sul tipo di dati personali che possono essere raccolti e trattati da Lallemand e su come Lallemand protegge e utilizza tali dati personali.<\/p>\n\n\n\n<h2 class=\"wp-block-heading\">Tipologia di dati personali raccolti<\/h2>\n\n\n\n<p>Lallemand pu\u00f2 raccogliere e trattare i dati personali forniti dagli Utenti. I dati personali raccolti includono dati generali come nome, indirizzo, codice postale, citt\u00e0, numero di telefono, indirizzo e-mail e nome dell&#8217;azienda. Lallemand pu\u00f2 anche raccogliere dati tecnici personali come l&#8217;indirizzo IP e i dati di navigazione.<\/p>\n\n\n\n<p>I dati personali sono raccolti da Lallemand tramite moduli online o sondaggi volontari tra gli utenti, registrazione online degli utenti, iscrizione ai servizi o pubblicazione di Lallemand, richiesta di informazioni sui prodotti o sul marketing, cookie, domande di lavoro, invio di domande o richieste.<\/p>\n\n\n\n<h2 class=\"wp-block-heading\">Finalit\u00e0 del trattamento dei dati personali e destinatari<\/h2>\n\n\n\n<p>Lallemand pu\u00f2 trattare i dati personali ogni volta che \u00e8 necessario ai fini di:<\/p>\n\n\n\n<ol style=\"list-style-type:lower-roman\" class=\"wp-block-list\">\n<li>Rispondere a una richiesta relativa ai prodotti e\/o servizi di Lallemand o fornire una consulenza esperta,<\/li>\n\n\n\n<li>Gestione delle relazioni con i clienti,<\/li>\n\n\n\n<li>Fornire informazioni di marketing su societ\u00e0, prodotti e servizi di Lallemand,<\/li>\n\n\n\n<li>Gestione delle candidature alle posizioni lavorative di Lallemand,<\/li>\n\n\n\n<li>Soddisfare i requisiti di legge o altri requisiti legali.<\/li>\n<\/ol>\n\n\n\n<p>I dati personali raccolti da Lallemand possono essere consultati in base alla necessit\u00e0 dai dipendenti di Lallemand e dai fornitori di servizi di Lallemand, a condizione che questi ultimi siano soggetti a obblighi di riservatezza.<\/p>\n\n\n\n<p>In caso di trasferimento di dati personali al di fuori dello Spazio Economico Europeo, Lallemand garantir\u00e0 che i dati personali siano trasferiti solo in paesi che garantiscono un livello adeguato di protezione dei dati personali e siano soggetti a una decisione di adeguatezza della Commissione Europea, o che tale trasferimento presenti le garanzie appropriate e si basi sulle clausole contrattuali standard di protezione dei dati della Commissione dell&#8217;Unione Europea. Il rappresentante di Lallemand nello Spazio economico europeo ai fini dell&#8217;articolo 27 del regolamento (UE) 2016\/679 del Parlamento europeo e del Consiglio del 27 aprile 2016, \u00e8 Lallemand SAS, con sede legale in 19 rue des Briquetiers \u2013 BP 59 \u2013 31702 Blagnac, con la nostra e-mail di contatto all&#8217;indirizzo: <a href=\"mailto:dpo-lallemandsas@lallemand.com\" target=\"_blank\" rel=\"noreferrer noopener\">dpo-lallemandsas@lallemand.com<\/a>.<\/p>\n\n\n\n<h2 class=\"wp-block-heading\">Diritti sui dati personali<\/h2>\n\n\n\n<p>Gli utenti hanno i seguenti diritti in merito ai propri dati personali:<\/p>\n\n\n\n<ol style=\"list-style-type:lower-roman\" class=\"wp-block-list\">\n<li>Diritto di accesso ai dati personali,<\/li>\n\n\n\n<li>Diritto di rettifica o cancellazione dei dati personali,<\/li>\n\n\n\n<li>Diritto di limitare il trattamento dei propri dati personali in determinate circostanze,<\/li>\n\n\n\n<li>Diritto di ricevere i dati personali raccolti da Lallemand,<\/li>\n\n\n\n<li>Diritto di opporsi al trattamento dei propri dati personali per motivi specifici o quando tali dati sono trattati per finalit\u00e0 di marketing diretto,<\/li>\n\n\n\n<li>Diritto di revocare il consenso alla raccolta e al trattamento dei dati personali,<\/li>\n\n\n\n<li>Diritto di proporre reclamo a un&#8217;autorit\u00e0 di controllo.<\/li>\n<\/ol>\n\n\n\n<p>Gli utenti possono esercitare i propri diritti in materia di dati personali contattando Lallemand via e-mail all&#8217;indirizzo: <a href=\"mailto:privacy-corporate@lallemand.com\" target=\"_blank\" rel=\"noreferrer noopener\">privacy-corporate@lallemand.com<\/a>.<\/p>\n\n\n\n<h2 class=\"wp-block-heading\">Periodo di conservazione<\/h2>\n\n\n\n<p>Lallemand conserver\u00e0 i dati personali raccolti attraverso i propri siti web solo per il tempo necessario a soddisfare le finalit\u00e0 per le quali sono stati raccolti, nel rispetto dei principi di minimizzazione e proporzionalit\u00e0 dei dati. I dati personali possono essere conservati per periodi pi\u00f9 lunghi solo se richiesto dalla legge o per altre finalit\u00e0 legittime, inclusi obblighi di legge o esigenze aziendali in corso.<\/p>\n\n\n\n<p>I cookie che utilizziamo possono avere periodi di conservazione variabili: alcuni sono cookie di sessione che verranno automaticamente eliminati alla chiusura del browser, mentre altri sono cookie persistenti che rimangono sul tuo dispositivo per un periodo specifico (fino a 13 mesi) per riconoscerti nelle visite future. Ci assicuriamo che le nostre pratiche di conservazione dei cookie siano conformi al GDPR e ad altri standard di privacy e sicurezza applicabili. Per i cookie di terze parti, \u00e8 possibile fare riferimento anche alle loro politiche sulla privacy o sui cookie per verificare il periodo di conservazione.<\/p>\n\n\n\n<h2 class=\"wp-block-heading\">Sicurezza dei tuoi dati personali<\/h2>\n\n\n\n<p>Lallemand utilizza misure di sicurezza informatiche per proteggere i dati personali. Lallemand implementa inoltre misure organizzative e amministrative, comprese le procedure interne per gestire la sospetta perdita o alterazione dei dati personali, la divulgazione non autorizzata o l&#8217;uso improprio.<\/p>\n\n\n\n<h2 class=\"wp-block-heading\">Politica sui cookie<\/h2>\n\n\n\n<p>La presente Informativa sui cookie si applica a tutti i cookie utilizzati da Lallemand sui propri siti Web, ad eccezione del sito Web del Siebel Institute of Technology che \u00e8 regolato dalla propria specifica informativa sulla privacy e sui cookie disponibile sul sito Web del Siebel Institute of Technology. La presente Politica sui cookie ha lo scopo di consigliare gli utenti sul tipo di cookie che possono essere utilizzati da Lallemand e su come gli utenti possono gestire il loro consenso all&#8217;uso dei cookie sui siti web di Lallemand.<\/p>\n\n\n\n<h2 class=\"wp-block-heading\">Tipologia e utilizzo dei cookie<\/h2>\n\n\n\n<p>I cookie sono pacchetti di dati che vengono inviati da un sito web al computer o al dispositivo dell&#8217;utente di un sito web e memorizzati sul suo computer o dispositivo al fine di aiutare il sito web a tenere traccia delle visite e delle attivit\u00e0 dell&#8217;utente sul sito web.<\/p>\n\n\n\n<p>Lallemand utilizza diversi tipi di cookie per migliorare la navigazione degli Utenti sui propri siti web e per offrire contenuti pi\u00f9 pertinenti e adattati alle esigenze degli Utenti.<\/p>\n\n\n\n<p><strong>I cookie necessari <\/strong>sono essenziali per il corretto funzionamento dei siti web di Lallemand e necessari per offrire i servizi richiesti dagli utenti del sito web di Lallemand.&nbsp;&nbsp;<\/p>\n\n\n\n<p><strong>I cookie analitici e pubblicitari <\/strong>sono utilizzati da Lallemand previo consenso dell&#8217;Utente per ottenere informazioni sulla navigazione e le preferenze dell&#8217;Utente sui siti web di Lallemand al fine di migliorare l&#8217;esperienza degli Utenti sui siti web, le app e i social media di Lallemand.&nbsp;&nbsp;<\/p>\n\n\n\n<p>Questi cookie non sono essenziali per la navigazione, ma ti danno l&#8217;opportunit\u00e0 di godere di un&#8217;esperienza di navigazione personalizzata, su misura per le tue aspettative, esigenze e desideri.<\/p>\n\n\n\n<p>Questi cookie hanno diversi vantaggi per l&#8217;utente, come ad esempio:<\/p>\n\n\n\n<ul class=\"wp-block-list\">\n<li>Navigazione pi\u00f9 semplice grazie a display e contenuti che corrispondono alle tue esigenze;<\/li>\n\n\n\n<li>la pubblicit\u00e0 sul nostro sito o sui siti partner \u00e8 adattata alle tue preferenze;<\/li>\n\n\n\n<li>Le interazioni con i social network sono semplificate.<\/li>\n<\/ul>\n\n\n\n<p><strong>I cookie di terze parti <\/strong>possono essere utilizzati da terze parti alle quali gli Utenti vengono reindirizzati dalle pagine del sito di Lallemand. Lallemand non ha alcun controllo sui cookie di siti web di terze parti diversi da quelli elencati nel banner dei cookie dei siti web di Lallemand che sono soggetti al preventivo consenso dell&#8217;Utente.&nbsp;<\/p>\n\n\n\n<p>Di seguito \u00e8 riportato un elenco dei nostri cookie di terze parti, lo scopo del loro utilizzo e il periodo di conservazione dei dati raccolti.<\/p>\n\n\n\n<p>Elenco dei cookie di terze parti:<\/p>\n\n\n\n<figure class=\"wp-block-table\"><table class=\"has-fixed-layout\"><tbody><tr><td><strong>Nome dei cookie<\/strong><\/td><td><strong>Scopo<\/strong><\/td><td><strong>Periodo di conservazione<\/strong><\/td><\/tr><tr><td>Adsrvr<\/td><td>Si basa su cookie di terze parti per tracciare il comportamento degli utenti per annunci pubblicitari mirati.<\/td><td>12 mesi<\/td><\/tr><tr><td>Esecutore<\/td><td>Si basa su cookie di terze parti per tracciare il comportamento degli utenti per annunci pubblicitari mirati.<\/td><td>4 mesi<\/td><\/tr><tr><td>Facebook (Pixel)<\/td><td>Uno strumento che aiuta a monitorare l&#8217;attivit\u00e0 raccogliendo dati sulle prestazioni degli annunci pubblicitari e per ottimizzare il targeting degli annunci.<\/td><td>Da 1 settimana a 1 mese<\/td><\/tr><tr><td>Google AdSense<\/td><td>Per tracciare il comportamento degli utenti su diversi siti web, il che consente a Google di visualizzare annunci pubblicitari in base agli interessi e ai comportamenti degli utenti. Questo aiuta gli inserzionisti a raggiungere il pubblico giusto per aumentare il coinvolgimento.<\/td><td>400 giorni<\/td><\/tr><tr><td>Analisi di Google<\/td><td>Uno strumento di analisi web per monitorare e analizzare il traffico del sito Web identificando tendenze e modelli nelle prestazioni del sito Web.<\/td><td>400 giorni<\/td><\/tr><tr><td>IntentIQ<\/td><td>Uno strumento utilizzato per migliorare il coinvolgimento degli utenti tramite annunci pubblicitari mirati.<\/td><td>6 mesi<\/td><\/tr><tr><td>PubMatic<\/td><td>Uno strumento per aiutare gli editori e gli inserzionisti a indirizzare il pubblico corretto e i diversi formati pubblicitari su diversi dispositivi.<\/td><td>1 mese<\/td><\/tr><tr><td>Smaato<\/td><td>Uno strumento pubblicitario mobile che ottimizza le campagne pubblicitarie mobili per aumentare il coinvolgimento e massimizzare le entrate pubblicitarie.<\/td><td>20 giorni<\/td><\/tr><tr><td>Tapad<\/td><td>Uno strumento utilizzato per il targeting cross-device monitorando il comportamento degli utenti per fornire annunci pubblicitari digitali pi\u00f9 accurati e personalizzati.<\/td><td>12 mesi<\/td><\/tr><\/tbody><\/table><\/figure>\n\n\n\n<h2 class=\"wp-block-heading\">Elenco degli strumenti che si basano su o utilizzano cookie di terze parti:<\/h2>\n\n\n\n<p>Si tratta di strumenti del sito Web utilizzati dai cookie di terze parti per migliorare il coinvolgimento dell&#8217;utente e per garantire che gli annunci raggiungano il pubblico di destinazione pertinente.<\/p>\n\n\n\n<figure class=\"wp-block-table\"><table class=\"has-fixed-layout\"><tbody><tr><td><strong>Nome<\/strong><\/td><td><strong>Scopo<\/strong><\/td><td><strong>Periodo di conservazione<\/strong><\/td><\/tr><tr><td>Ottimizzazione di Google Ads<\/td><td>Uno strumento utilizzato per massimizzare le prestazioni degli annunci pubblicitari per garantire che gli annunci raggiungano il pubblico giusto e raggiungano il pubblico giusto.<\/td><td>Da 1 giorno a 6 mesi<\/td><\/tr><tr><td>Google reCAPTCHA<\/td><td>Uno strumento di sicurezza utilizzato per proteggere i siti Web da spam e abusi garantendo che l&#8217;utente sia un essere umano e non un bot.<\/td><td>6 mesi<\/td><\/tr><tr><td>LinkedIn<\/td><td>Uno strumento utilizzato per migliorare le prestazioni pubblicitarie personalizzando l&#8217;esperienza dell&#8217;utente e monitorando il coinvolgimento con i contenuti relativi a LinkedIn.<\/td><td>6 mesi<\/td><\/tr><tr><td>Simpli.fi<\/td><td>Uno strumento che valorizza le soluzioni di marketing geografico. Questo strumento utilizza l&#8217;apprendimento automatico per ottimizzare le prestazioni in tempo reale, garantendo cos\u00ec che il pubblico giusto sia mirato con annunci pubblicitari personalizzati.<\/td><td>1 settimana<\/td><\/tr><\/tbody><\/table><\/figure>\n\n\n\n<h2 class=\"wp-block-heading\">Preferenze cookie<\/h2>\n\n\n\n<p>Per gestire le preferenze relative ai cookie, fare clic sul <strong>banner dei cookie <\/strong>sui siti Web di Lallemand che verr\u00e0 visualizzato nell&#8217;angolo in basso a destra della pagina Web durante la prima visita degli utenti sui siti Web di Lallemand.&nbsp;&nbsp;<\/p>\n\n\n\n<p>\u00c8 inoltre possibile limitare l&#8217;uso dei cookie attraverso le impostazioni del browser.&nbsp;&nbsp;<\/p>\n\n\n\n<h2 class=\"wp-block-heading\">Modifiche alla presente Informativa sulla Privacy e cookie<\/h2>\n\n\n\n<p>Lallemand potrebbe dover aggiornare la presente Informativa sulla privacy e cookie man mano che aggiunge nuove caratteristiche o nuove funzionalit\u00e0 ai propri siti web. Lallemand si riserva il diritto di aggiornare o rivedere la presente Informativa sulla privacy e cookie per conformarsi alle leggi e ai regolamenti applicabili. L&#8217;ultimo aggiornamento della presente Informativa sulla privacy e cookie risale al 17 gennaio 2025.<\/p>\n","protected":false},"excerpt":{"rendered":"<p>Informativa sulla privacy La presente Informativa sulla privacy si applica a tutte le informazioni raccolte ed elaborate attraverso i siti Web di propriet\u00e0 di Lallemand Inc. e delle sue consociate. (&#8220;Lallemand&#8221;). Tuttavia, la presente Informativa sulla privacy non si applica al sito Web del Siebel Institute of Technology, che \u00e8 regolato dalla propria specifica politica [&hellip;]<\/p>\n","protected":false},"author":1,"featured_media":0,"parent":0,"menu_order":0,"comment_status":"closed","ping_status":"closed","template":"","meta":{"footnotes":""},"class_list":["post-155","page","type-page","status-publish","hentry"],"_links":{"self":[{"href":"https:\/\/legal-information.lallemand.com\/it\/wp-json\/wp\/v2\/pages\/155","targetHints":{"allow":["GET"]}}],"collection":[{"href":"https:\/\/legal-information.lallemand.com\/it\/wp-json\/wp\/v2\/pages"}],"about":[{"href":"https:\/\/legal-information.lallemand.com\/it\/wp-json\/wp\/v2\/types\/page"}],"author":[{"embeddable":true,"href":"https:\/\/legal-information.lallemand.com\/it\/wp-json\/wp\/v2\/users\/1"}],"replies":[{"embeddable":true,"href":"https:\/\/legal-information.lallemand.com\/it\/wp-json\/wp\/v2\/comments?post=155"}],"version-history":[{"count":4,"href":"https:\/\/legal-information.lallemand.com\/it\/wp-json\/wp\/v2\/pages\/155\/revisions"}],"predecessor-version":[{"id":323,"href":"https:\/\/legal-information.lallemand.com\/it\/wp-json\/wp\/v2\/pages\/155\/revisions\/323"}],"wp:attachment":[{"href":"https:\/\/legal-information.lallemand.com\/it\/wp-json\/wp\/v2\/media?parent=155"}],"curies":[{"name":"wp","href":"https:\/\/api.w.org\/{rel}","templated":true}]}}