{"id":161,"date":"2023-05-27T13:44:40","date_gmt":"2023-05-27T13:44:40","guid":{"rendered":"https:\/\/legal-information.lallemand.com\/?page_id=161"},"modified":"2023-11-07T16:36:49","modified_gmt":"2023-11-07T16:36:49","slug":"termini-e-condizioni-duso","status":"publish","type":"page","link":"https:\/\/legal-information.lallemand.com\/it\/termini-e-condizioni-duso\/","title":{"rendered":"TERMINI E CONDIZIONI D\u2019USO"},"content":{"rendered":"\n<p><strong>TERMINI E CONDIZIONI D\u2019USO<\/strong><\/p>\n\n\n\n<p><strong><strong>Benvenuti nel sito web di Lallemand Inc. e delle sue filiali (il \u201csito web\u201d). Prima di utilizzare il sito web, leggere i seguenti <em>Termini e condizioni d\u2019uso<\/em> che regoleranno l&#8217;accesso e l&#8217;utilizzo del sito web. Accedendo o utilizzando il sito web, l&#8217;utente riconosce di aver letto e compreso i presenti <em>Termini e condizioni d\u2019uso<\/em> e di accettare incondizionatamente di rispettarli e di essere vincolato da essi. Qualora non intenda accettare questi <em>Termini e condizioni d\u2019uso<\/em>, l\u2019utente non dovrebbe accedere o utilizzare il sito web.<\/strong><\/strong><\/p>\n\n\n\n<p><strong>Informazioni generali:<\/strong><\/p>\n\n\n\n<p>Lallemand Inc. \u00e8 una societ\u00e0 canadese con sede operativa presso 1620 rue Pr\u00e9fontaine, Montreal, Qu\u00e9bec, H1W 2N8, Canada e sede centrale presso 151 Skyway Ave, Toronto, Ontario, M9W 4Z5, Canada (&#8220;Lallemand&#8221;) e ha creato il sito web esclusivamente allo scopo di fornire informazioni su Lallemand e le sue filiali. Il sito web consente agli utenti di scoprire i prodotti e i servizi di Lallemand e delle sue filiali e di registrarsi con il proprio indirizzo e-mail per ricevere informazioni commerciali o promozionali da Lallemand o dalle sue filiali.<\/p>\n\n\n\n<p>Il sito web contiene diversi siti secondari dedicati alle diverse <em>business unit<\/em> di Lallemand. Questi siti secondari sono gestiti dalle filiali di Lallemand responsabili delle singole <em>business unit<\/em>.<\/p>\n\n\n\n<p>Lallemand potrebbe dover aggiornare i presenti <em>Termini e condizioni d\u2019uso <\/em>poich\u00e9 aggiunge nuove caratteristiche o nuove funzionalit\u00e0 al sito web. Pertanto, Lallemand si riserva il diritto di aggiornare o rivedere i presenti Termini e condizioni d\u2019uso, in qualsiasi momento e senza preavviso, pubblicando sul sito i <em>Termini e condizioni d\u2019uso<\/em> modificati. Pertanto, i <em>Termini e condizioni d\u2019uso<\/em> applicabili sono quelli disponibili sul sito web alla data in cui si accede al sito web. Lallemand si riserva il diritto di modificare o correggere il contenuto del sito in qualsiasi momento, senza preavviso e non pu\u00f2 essere considerata responsabile per qualsiasi conseguenza causata da tali modifiche.<\/p>\n\n\n\n<p>Lallemand si riserva inoltre il diritto di chiudere il sito web.<\/p>\n\n\n\n<p>I messaggi dell\u2019utente sono sempre benvenuti sul sito web. Qualsiasi messaggio o documento inviato dall&#8217;utente al sito web tramite e-mail o con qualsiasi altro mezzo, inclusi (ad esempio) dettagli, domande o risposte, commenti, suggerimenti o qualsiasi altra informazione, sar\u00e0 trattato come non confidenziale e non esclusivo, se non diversamente indicato nella Politica sui cookie e sulla privacy di Lallemand o in qualsiasi legge e regolamento applicabili.<\/p>\n\n\n\n<p><strong>Politica sui cookie e sulla privacy:<\/strong><\/p>\n\n\n\n<p>Per conoscere la gestione della privacy e dei cookie di Lallemand e delle sue filiali, <a href=\"https:\/\/legal-information.lallemand.com\/it\/politica-sulla-privacy-e-sui-cookie\/\">fare clic qui per leggere la nostra politica sui cookie e sulla privacy<\/a>.<\/p>\n\n\n\n<p><strong>Nessuna garanzia:<\/strong><\/p>\n\n\n\n<p>Lallemand compir\u00e0 ragionevoli sforzi commerciali per fornire informazioni aggiornate e accurate su e tramite il sito web, ma sottolinea che il contenuto del sito web \u00e8 fornito &#8220;COS\u00cc COM&#8217;\u00c8&#8221;, senza garanzie di alcun tipo. Nella misura massima consentita dalla legge, Lallemand, le sue filiali, affiliate e i rispettivi amministratori declinano espressamente tutte le dichiarazioni e le garanzie di qualsiasi tipo, esplicite o implicite, su: i) l&#8217;accuratezza, la completezza e\/o la commerciabilit\u00e0 o l&#8217;idoneit\u00e0 per un particolare scopo di qualsiasi informazione fornita su o tramite il sito web; ii) titolo e non violazione; iii) la sicurezza del sito web e dei suoi sistemi, o iv) l&#8217;utilizzo ininterrotto o privo di errori del sito web. Lallemand gestisce, controlla e mantiene il sito web dal Canada e non garantisce che le informazioni o i servizi forniti sul sito web siano appropriati o consentiti per l&#8217;uso in altri Paesi. L\u2019utente che utilizzi il sito web da Paesi diversi dal Canada \u00e8 responsabile del rispetto delle leggi locali e nazionali applicabili.<\/p>\n\n\n\n<p><strong><strong>Limitazione di responsabilit\u00e0<\/strong><\/strong><\/p>\n\n\n\n<p>In nessun caso Lallemand o le sue filiali, affiliate e i rispettivi direttori saranno responsabili nei confronti dell&#8217;utente o di terzi per danni diretti, indiretti, speciali, incidentali, consequenziali, punitivi o esemplari, inclusi ma non limitati a perdite finanziarie, perdite di profitti, perdita di avviamento, perdita di immagine (anche se Lallemand era stata informata della possibilit\u00e0 che ci\u00f2 accadesse) derivante o in connessione con: (i) le informazioni, i prodotti e i servizi resi disponibili sul sito web; (ii) l&#8217;uso o la incapacit\u00e0 di utilizzare il sito web; (iii) eventuali difetti, virus, perdita di dati o altri malfunzionamenti causati a qualsiasi apparecchiatura e altro software in connessione con l&#8217;accesso o l&#8217;utilizzo del sito web; (iv) l&#8217;intercettazione, la modifica o l&#8217;uso improprio delle informazioni trasmesse a Lallemand da te o trasmesso a te da Lallemand o, (v) il download o l&#8217;uso di qualsiasi software reso disponibile attraverso il sito web.<\/p>\n\n\n\n<p><strong><strong><strong>Garanzie per l&#8217;utente:<\/strong><\/strong><\/strong><\/p>\n\n\n\n<p>Accedendo al sito web, l\u2019utente dichiara, garantisce e accetta di:<\/p>\n\n\n\n<p>\u2013\u00a0accedere al sito web e ai servizi correlati in buona fede in conformit\u00e0 con i presenti Termini e condizioni d\u2019uso, che accetta;<\/p>\n\n\n\n<p>\u2013 non tentare di danneggiare, hackerare, decodificare o altrimenti interferire (collettivamente, \u201cinterferire\u201d) con il sito web in alcun modo. Se interferisce in qualsiasi modo con il sito web, accetta di pagare tutti i danni che Lallemand e le sue controllate potrebbero subire;<\/p>\n\n\n\n<p>\u2013 non accedere e\/o utilizzare il sito web e qualsiasi servizio fornito dal sito web per scopi illeciti e\/o con lo scopo di ledere la reputazione e l\u2019immagine di Lallemand e delle sue filiali, o pi\u00f9 in generale per violare i diritti, ivi compresi i diritti di propriet\u00e0 intellettuale di Lallemand e delle sue filiali o di terzi;<\/p>\n\n\n\n<p>\u2013 non utilizzare alcuna parte del sito web e dei servizi in esso offerti, in particolare per scopi commerciali e\/o personali, in una forma e\/o con un mezzo non espressamente autorizzato da Lallemand e dalle sue filiali;<\/p>\n\n\n\n<p>\u2013\u00a0non commercializzare, direttamente o indirettamente, l&#8217;accesso al sito web e ai servizi in esso offerti;<\/p>\n\n\n\n<p>\u2013 non riprodurre o rappresentare tutto o parte del sito web per scopi privati oltre le eccezioni consentite dalla legge, o per marketing diretto o indiretto in particolare a terzi;<\/p>\n\n\n\n<p>\u2013 non limitare l\u2019accesso o l\u2019utilizzo del sito web e\/o dei servizi disponibili tramite il sito web.<\/p>\n\n\n\n<p>In caso di violazione di una o pi\u00f9 di queste garanzie, l&#8217;utente riconosce e accetta che Lallemand e le sue filiali avranno il diritto di rifiutargli, unilateralmente e senza preavviso, l&#8217;accesso a tutto o parte del sito.<\/p>\n\n\n\n<p><strong>Collegamenti a siti di terze parti:<\/strong><\/p>\n\n\n\n<p>Il sito web pu\u00f2 fornire, esclusivamente per comodit\u00e0 dell&#8217;utente, riferimenti o collegamenti a siti web di terzi, sebbene tali collegamenti o riferimenti non intendano costituire un&#8217;approvazione da parte di Lallemand di alcuno dei prodotti o servizi forniti su o tramite tali siti web. L&#8217;utilizzo di tali collegamenti \u00e8 interamente a proprio rischio e Lallemand declina ogni responsabilit\u00e0 per il contenuto, l&#8217;uso o la disponibilit\u00e0 di tali siti web. Lallemand non ha verificato l&#8217;accuratezza, la ragionevolezza, l&#8217;affidabilit\u00e0 o la completezza del contenuto di tali siti web esterni.<\/p>\n\n\n\n<p><strong>Propriet\u00e0 intellettuale:<\/strong><\/p>\n\n\n\n<p>l\u2019utente deve presumere che tutto ci\u00f2 che vede o legge sul sito web \u00e8 protetto dai diritti di propriet\u00e0 intellettuale.<\/p>\n\n\n\n<p>Tutti i diritti di propriet\u00e0 intellettuale, inclusi copyright, marchi e brevetti, relativi al contenuto del sito web e del sito web stesso, compresi ma non limitati a: testi, slogan, grafica, immagini, fotografie e altri contenuti, sono di propriet\u00e0 di Lallemand, delle sue affiliate o filiali o sono stati concessi in licenza ad una di loro. Non \u00e8 consentito copiare, scaricare, pubblicare, distribuire, concedere in licenza, vendere o riprodurre nessuna delle informazioni contenute nel sito in qualsiasi forma senza il previo consenso scritto di Lallemand. Nulla di quanto contenuto nel sito pu\u00f2 essere interpretato come concessione di licenza o diritto su qualsiasi marchio, brevetto o qualsiasi altro diritto di propriet\u00e0 intellettuale di Lallemand o delle sue filiali. Tuttavia, \u00e8 possibile stampare e\/o scaricare le informazioni contenute nel sito web per uso personale.<\/p>\n\n\n\n<p><strong><strong>Diritto applicabile, foro competente:<\/strong><\/strong><\/p>\n\n\n\n<p>\u00c8 possibile accedere al sito da diversi Paesi del mondo. Poich\u00e9 ciascuno di questi Paesi ha leggi che possono differire da quelle della provincia del Qu\u00e9bec e del Canada, accedendo al sito web l&#8217;utente accetta che le leggi della provincia del Qu\u00e9bec e del Canada si applichino a tutte le questioni derivanti da o relative all&#8217;uso e ai contenuti di questo sito web, indipendentemente dalle disposizioni sui conflitti di legge. L&#8217;utente accetta inoltre di sottoporsi alla giurisdizione esclusiva dei fori competenti di Montreal per qualsiasi controversia, reclamo o causa di azione derivante da o in connessione con i presenti <em>Termini e condizioni d\u2019uso<\/em> o l&#8217;utilizzo del sito web.<\/p>\n\n\n\n<p><strong><strong>Separabilit\u00e0<\/strong>:<\/strong><\/p>\n\n\n\n<p>Qualora i presenti <em>Termini e condizioni d&#8217;uso<\/em> del sito web siano o diventino parzialmente nulli, le parti continueranno ad essere vincolate per la parte restante degli stessi. La parte nulla sar\u00e0 sostituita da disposizioni valide e aventi efficacia giuridica che corrispondano il pi\u00f9 possibile a quelle della parte nulla, tenendo conto del contenuto e dello scopo delle presenti <em>Termini e condizioni d&#8217;uso<\/em>.<\/p>\n\n\n\n<p><strong><strong>Domande sui presenti <em>Termini e condizioni d&#8217;uso<\/em>:<\/strong><\/strong><\/p>\n\n\n\n<p>In caso di domande relative ai presenti <em>Termini e condizioni d&#8217;uso<\/em>, inviare un&#8217;e-mail a: <a href=\"mailto:privacy-corporate@lallemand.com\">privacy-corporate@lallemand.com<\/a><\/p>\n","protected":false},"excerpt":{"rendered":"<p>TERMINI E CONDIZIONI D\u2019USO Benvenuti nel sito web di Lallemand Inc. e delle sue filiali (il \u201csito web\u201d). Prima di utilizzare il sito web, leggere i seguenti Termini e condizioni d\u2019uso che regoleranno l&#8217;accesso e l&#8217;utilizzo del sito web. Accedendo o utilizzando il sito web, l&#8217;utente riconosce di aver letto e compreso i presenti Termini [&hellip;]<\/p>\n","protected":false},"author":1,"featured_media":0,"parent":0,"menu_order":0,"comment_status":"closed","ping_status":"closed","template":"","meta":{"footnotes":""},"class_list":["post-161","page","type-page","status-publish","hentry"],"_links":{"self":[{"href":"https:\/\/legal-information.lallemand.com\/it\/wp-json\/wp\/v2\/pages\/161","targetHints":{"allow":["GET"]}}],"collection":[{"href":"https:\/\/legal-information.lallemand.com\/it\/wp-json\/wp\/v2\/pages"}],"about":[{"href":"https:\/\/legal-information.lallemand.com\/it\/wp-json\/wp\/v2\/types\/page"}],"author":[{"embeddable":true,"href":"https:\/\/legal-information.lallemand.com\/it\/wp-json\/wp\/v2\/users\/1"}],"replies":[{"embeddable":true,"href":"https:\/\/legal-information.lallemand.com\/it\/wp-json\/wp\/v2\/comments?post=161"}],"version-history":[{"count":2,"href":"https:\/\/legal-information.lallemand.com\/it\/wp-json\/wp\/v2\/pages\/161\/revisions"}],"predecessor-version":[{"id":164,"href":"https:\/\/legal-information.lallemand.com\/it\/wp-json\/wp\/v2\/pages\/161\/revisions\/164"}],"wp:attachment":[{"href":"https:\/\/legal-information.lallemand.com\/it\/wp-json\/wp\/v2\/media?parent=161"}],"curies":[{"name":"wp","href":"https:\/\/api.w.org\/{rel}","templated":true}]}}