{"id":182,"date":"2023-05-27T13:44:40","date_gmt":"2023-05-27T13:44:40","guid":{"rendered":"https:\/\/legal-information.lallemand.com\/?page_id=182"},"modified":"2023-12-01T20:47:51","modified_gmt":"2023-12-01T20:47:51","slug":"regulamin-uzytkownika","status":"publish","type":"page","link":"https:\/\/legal-information.lallemand.com\/pl\/regulamin-uzytkownika\/","title":{"rendered":"REGULAMIN U\u017bYTKOWNIKA"},"content":{"rendered":"\n<p><strong>REGULAMIN U\u017bYTKOWNIKA<\/strong><\/p>\n\n\n\n<p><strong>Witamy na stronie internetowej Lallemand Inc i jej sp\u00f3\u0142ek zale\u017cnych (dalej \u201eStrona internetowa\u201d). Przed skorzystaniem ze Strony internetowej prosimy o zapoznanie si\u0119 z poni\u017cszym <em>Regulaminem u\u017cytkownika<\/em>, kt\u00f3ry reguluje dost\u0119p i korzystanie ze Strony internetowej. Uzyskuj\u0105c dost\u0119p do Strony internetowej lub korzystaj\u0105c z niej, potwierdzasz, \u017ce zapozna\u0142e\u015b si\u0119 z niniejszym <em>Regulaminem u\u017cytkownika<\/em> oraz \u017ce bezwarunkowo zgadzasz si\u0119 go przestrzega\u0107 i jeste\u015b nim zwi\u0105zany. Je\u015bli nie zgadzasz si\u0119 z niniejszym <em>Regulaminem u\u017cytkownika<\/em>, nie powiniene\u015b uzyskiwa\u0107 dost\u0119pu do Strony internetowej ani z niej korzysta\u0107.<\/strong><\/p>\n\n\n\n<p><strong>Informacje og\u00f3lne:<\/strong><\/p>\n\n\n\n<p>Lallemand Inc to kanadyjska sp\u00f3\u0142ka z siedzib\u0105 pod adresem 1620 rue Pr\u00e9fontaine, Montreal, QC H1W 2N8 Kanada i central\u0105 pod adresem 151 Skyway Ave, Toronto, Ontario, Kanada, M9W 4Z5 (dalej \u201eLallemand\u201d). &nbsp;Lallemand stworzy\u0142a Stron\u0119 internetow\u0105 wy\u0142\u0105cznie w celu dostarczenia informacji o Lallemand i jej sp\u00f3\u0142kach zale\u017cnych. Strona internetowa umo\u017cliwia u\u017cytkownikom odkrywanie produkt\u00f3w i us\u0142ug Lallemand i jej sp\u00f3\u0142ek zale\u017cnych, a tak\u017ce rejestracj\u0119 przy u\u017cyciu adresu e-mail u\u017cytkownika w celu otrzymywania od Lallemand lub jej sp\u00f3\u0142ek zale\u017cnych informacji handlowych czy promocyjnych.<\/p>\n\n\n\n<p>Strona internetowa zawiera kilka zak\u0142adek po\u015bwi\u0119conych r\u00f3\u017cnym jednostkom biznesowym Lallemand. Zak\u0142adki te s\u0105 obs\u0142ugiwane przez sp\u00f3\u0142ki zale\u017cne Lallemand odpowiedzialne za dan\u0105 jednostk\u0119 biznesow\u0105.<\/p>\n\n\n\n<p>Lallemand mo\u017ce wymaga\u0107 aktualizacji niniejszego <em>Regulaminu u\u017cytkownika <\/em>w zwi\u0105zku z dodaniem nowych funkcji lub nowych funkcjonalno\u015bci do Strony internatowej. Dlatego te\u017c Lallemand zastrzega sobie prawo do aktualizacji lub zmiany niniejszego <em>Regulaminu u\u017cytkownika <\/em>w dowolnym momencie i bez wcze\u015bniejszego powiadomienia poprzez opublikowanie zmienionego <em>Regulaminu u\u017cytkownika<\/em> na Stronie internetowej. W zwi\u0105zku z tym, obowi\u0105zuj\u0105cym <em>Regulaminem U\u017cytkownika <\/em>jest regulamin dost\u0119pny na Stronie internetowej w dniu uzyskania przez Ciebie dost\u0119pu do Strony internetowej. Lallemand zastrzega sobie prawo do modyfikowania lub poprawiania tre\u015bci\/zawarto\u015bci Strony internetowej w dowolnym momencie, bez powiadomienia i nie ponosi odpowiedzialno\u015bci za jakiekolwiek skutki spowodowane takimi modyfikacjami.<\/p>\n\n\n\n<p>Lallemand zastrzega sobie r\u00f3wnie\u017c prawo do zaprzestania prowadzenia Strony internetowej.<\/p>\n\n\n\n<p>Twoje wiadomo\u015bci s\u0105 zawsze mile widziane na Stronie internetowej. Wszelkie wiadomo\u015bci lub dokumenty, kt\u00f3re ewentualnie prze\u015blesz poczt\u0105 elektroniczn\u0105 lub w inny spos\u00f3b, w tym (m.in.) szczeg\u00f3\u0142y, pytania lub odpowiedzi, komentarze, sugestie lub inne informacje, b\u0119d\u0105 traktowane jako niepoufne i niewy\u0142\u0105czne, chyba \u017ce Polityka plik\u00f3w cookie i prywatno\u015bci Lallemand lub obowi\u0105zuj\u0105ce przepisy ustawowe i wykonawcze stanowi\u0105 inaczej.<\/p>\n\n\n\n<p><strong>Polityka plik\u00f3w cookie i prywatno\u015bci:<\/strong><\/p>\n\n\n\n<p>Aby dowiedzie\u0107 si\u0119, w jaki spos\u00f3b Lallemand i jej sp\u00f3\u0142ki zale\u017cne zarz\u0105dzaj\u0105 prywatno\u015bci\u0105 i plikami cookie, kliknij tutaj i zapoznaj si\u0119 z nasz\u0105 Polityk\u0105 plik\u00f3w cookie i Polityk\u0105 prywatno\u015bci.<\/p>\n\n\n\n<p><strong>Brak gwarancji:<\/strong><\/p>\n\n\n\n<p>Lallemand do\u0142o\u017cy uzasadnionych stara\u0144 handlowych, aby zapewni\u0107 aktualne i dok\u0142adne informacje na Stronie internetowej i za jej po\u015brednictwem, ale jednocze\u015bnie podkre\u015bla, \u017ce tre\u015b\u0107\/zawarto\u015b\u0107 Strony internetowej jest dostarczana w stanie w \u201eJAKIM JEST\u201d, bez jakiejkolwiek gwarancji. W najszerszym zakresie dozwolonym przez prawo Lallemand, jej sp\u00f3\u0142ki zale\u017cne, stowarzyszone i ich dyrektorzy wyra\u017anie zrzekaj\u0105 si\u0119 wszelkich o\u015bwiadcze\u0144 i gwarancji wszelkiego rodzaju, wyra\u017anych lub dorozumianych: i) dotycz\u0105cych dok\u0142adno\u015bci, kompletno\u015bci i\/lub przydatno\u015bci handlowej lub przydatno\u015bci do konkretnego cel informacji udost\u0119pnianych na Stronie internetowej lub za jej po\u015brednictwem ii) dotycz\u0105cych tytu\u0142u i nienaruszania iii) dotycz\u0105cych bezpiecze\u0144stwa lub ochrony Strony internetowej &nbsp;i jej system\u00f3w, lub iv) \u017ce korzystanie ze Strony internetowej b\u0119dzie nieprzerwane i wolne od b\u0142\u0119d\u00f3w. Lallemand obs\u0142uguje, kontroluje i utrzymuje Stron\u0119 internetow\u0105 z Kanady i nie gwarantuje, \u017ce informacje lub us\u0142ugi udost\u0119pniane na Stronie internetowej s\u0105 odpowiednie lub dopuszczone do u\u017cytku w innych krajach. Je\u015bli korzystasz ze Strony internetowej z kraj\u00f3w innych ni\u017c Kanada, ponosi\u0107 odpowiedzialno\u015b\u0107 za przestrzeganie obowi\u0105zuj\u0105cych przepis\u00f3w lokalnych i krajowych.<\/p>\n\n\n\n<p><strong>Ograniczenie odpowiedzialno\u015bci<\/strong><\/p>\n\n\n\n<p>W \u017cadnym przypadku Lallemand ani \u017cadna z jej sp\u00f3\u0142ek zale\u017cnych, stowarzyszonych oraz ich dyrektorzy nie b\u0119d\u0105 ponosi\u0107 odpowiedzialno\u015bci wobec U\u017cytkownika ani \u017cadnej osoby trzeciej za szkody bezpo\u015brednie, po\u015brednie, szczeg\u00f3lne, przypadkowe, wt\u00f3rne, karne lub z nawi\u0105zk\u0105, w tym m.in. straty finansowe, utrat\u0119 zysk\u00f3w, reputacji, wizerunku (nawet je\u015bli Lallemand zosta\u0142a poinformowana o takiej mo\u017cliwo\u015bci) wynikaj\u0105ce lub zwi\u0105zane z: (i) informacjami, produktami i us\u0142ugami udost\u0119pnionymi na Stronie internetowej (ii) korzystaniem lub niemo\u017cno\u015bci\u0105 korzystania ze Strony internetowej (iii) jakimikolwiek wadami, wirusami, utrat\u0105 danych lub innymi awariami powsta\u0142ymi w dowolnym sprz\u0119cie i innym oprogramowaniu w zwi\u0105zku z dost\u0119pem lub korzystaniem ze Strony internetowej, (iv) przechwyceniem, modyfikacj\u0105 lub niew\u0142a\u015bciwym wykorzystaniem informacji przesy\u0142anych do Lallemand przez U\u017cytkownika lub przes\u0142anych U\u017cytkownikowi przez Lallemand lub (v) pobieraniem czy u\u017cywaniem jakiegokolwiek oprogramowania udost\u0119pnionego za po\u015brednictwem Strony internetowej.<\/p>\n\n\n\n<p><strong>Gwarancje U\u017cytkownika:<\/strong><\/p>\n\n\n\n<p>Wchodz\u0105c na Stron\u0119 internetow\u0105, o\u015bwiadczasz, gwarantujesz i zobowi\u0105zujesz si\u0119:<\/p>\n\n\n\n<p>\u2013&nbsp; do uzyskania dost\u0119pu do Strony internetowej i powi\u0105zanych us\u0142ug w dobrej wierze, zgodnie z niniejszym <em>Regulaminem u\u017cytkownika<\/em>, kt\u00f3ry akceptujesz;<\/p>\n\n\n\n<p>\u2013 \u017ce nie b\u0119dziesz pr\u00f3bowa\u0107 uszkodzi\u0107, hackowa\u0107, odtworzy\u0107 kod \u017ar\u00f3d\u0142owy lub w inny spos\u00f3b ingerowa\u0107 (\u0142\u0105cznie dalej \u201eIngerowa\u0107\u201d) w Stron\u0119 internetow\u0105 w jakikolwiek spos\u00f3b. Je\u015bli b\u0119dziesz ingerowa\u0107 w Stron\u0119 internetow\u0105, zobowi\u0105zujesz si\u0119 zrekompensowa\u0107 wszelkie szkody, jakie mo\u017ce ponie\u015b\u0107 Lallemand i jej sp\u00f3\u0142ki zale\u017cne;<\/p>\n\n\n\n<p>\u2013&nbsp; do nieuzyskiwania dost\u0119pu i\/lub korzystania ze Strony internetowej i jakichkolwiek us\u0142ug \u015bwiadczonych na po\u015brednictwem Strony internetowej w celach niezgodnych z prawem i\/lub w celu zaszkodzenia reputacji i wizerunkowi Lallemand i jej sp\u00f3\u0142ek zale\u017cnych lub, bardziej og\u00f3lnie, w celu naruszenia praw, w tym w\u0142asno\u015bci intelektualnej Lallemand i jej sp\u00f3\u0142ek zale\u017cnych lub dowolnej osoby trzeciej;<\/p>\n\n\n\n<p>\u2013 do niekorzystania z \u017cadnej cz\u0119\u015bci Strony internetowej i oferowanych na niej us\u0142ug, zw\u0142aszcza do cel\u00f3w komercyjnych i\/lub osobistych, w formie i\/lub na no\u015bniku, kt\u00f3re nie zosta\u0142y wyra\u017anie zatwierdzone przez Lallemand i jej sp\u00f3\u0142ki zale\u017cne;<\/p>\n\n\n\n<p>\u2013&nbsp; nie zbywa\u0107, bezpo\u015brednio lub po\u015brednio, dost\u0119pu do Strony internetowej i oferowanych na niej us\u0142ug;<\/p>\n\n\n\n<p>\u2013 nie powiela\u0107 ani nie odwzorowywa\u0107 ca\u0142o\u015bci lub cz\u0119\u015bci Strony internetowej w celach prywatnych, poza wyj\u0105tkami dozwolonymi przez prawo, lub w celu marketingu bezpo\u015bredniego lub po\u015bredniego, w szczeg\u00f3lno\u015bci w odniesieniu do os\u00f3b trzecich;<\/p>\n\n\n\n<p>\u2013 nie ogranicza\u0107 dost\u0119pu lub korzystania ze Strony internetowej i\/lub us\u0142ug dost\u0119pnych za jej po\u015brednictwem;<\/p>\n\n\n\n<p>W przypadku naruszenia jednej lub wi\u0119cej z powy\u017cszych gwarancji U\u017cytkownik przyjmuje do wiadomo\u015bci i akceptuje, \u017ce Lallemand i jej sp\u00f3\u0142ki zale\u017cne maj\u0105 prawo odm\u00f3wi\u0107, jednostronnie i bez uprzedniego powiadomienia, dost\u0119pu do ca\u0142o\u015bci lub cz\u0119\u015bci Strony internetowej.<\/p>\n\n\n\n<p><strong>Linki do stron os\u00f3b trzecich (zewn\u0119trznych):<\/strong><\/p>\n\n\n\n<p>Strona internetowa mo\u017ce zapewnia\u0107, wy\u0142\u0105cznie dla Twojej wygody, odniesienia lub \u0142\u0105cza do stron internetowych os\u00f3b trzecich, przy czym takie \u0142\u0105cza lub odniesienia nie maj\u0105 na celu wspierania przez Lallemand jakichkolwiek produkt\u00f3w lub us\u0142ug udost\u0119pnianych na tych\u017ce stronach internetowych lub za ich po\u015brednictwem. Korzystanie z takich \u0142\u0105czy odbywa si\u0119 wy\u0142\u0105cznie na Twoje w\u0142asne ryzyko, a Lallemand zrzeka si\u0119 wszelkiej odpowiedzialno\u015bci za tre\u015b\u0107, wykorzystanie lub dost\u0119pno\u015b\u0107 takich stron internetowych. Lallemand nie weryfikuje dok\u0142adno\u015bci, zasadno\u015bci, wiarygodno\u015bci ani kompletno\u015bci tre\u015bci jakichkolwiek zewn\u0119trznych stron internetowych.<\/p>\n\n\n\n<p><strong>W\u0142asno\u015b\u0107 intelektualna:<\/strong><\/p>\n\n\n\n<p>Musisz wyj\u015b\u0107 z za\u0142o\u017cenia, \u017ce wszystko, co widzisz lub czytasz na Stronie internetowej jest chronione prawami w\u0142asno\u015bci intelektualnej.<\/p>\n\n\n\n<p>Wszelkie prawa w\u0142asno\u015bci intelektualnej, w tym prawa autorskie, znaki towarowe i patenty, do tre\u015bci Strony internetowej oraz do samej Strony internetowej, w tym m.in. do: tekst\u00f3w, slogan\u00f3w, grafiki, obraz\u00f3w, zdj\u0119\u0107 i innych tre\u015bci, s\u0105 w\u0142asno\u015bci\u0105 Lallemand, jej sp\u00f3\u0142ek stowarzyszonych lub zale\u017cnych b\u0105d\u017a Lallemand, jej sp\u00f3\u0142ki stowarzyszone lub zale\u017cne uzyska\u0142y na nie licencj\u0119. Kopiowanie, pobieranie, publikowanie, rozpowszechnianie, licencjonowanie, sprzedawanie czy powielanie jakichkolwiek informacji zawartych na Stronie internetowej w jakiejkolwiek formie bez uprzedniej pisemnej zgody Lallemand jest zabronione. \u017badna tre\u015b\u0107 umieszczona na Stronie internetowej nie mo\u017ce by\u0107 interpretowana jako udzielenie licencji lub praw do jakiegokolwiek znaku towarowego, patentu lub innego prawa w\u0142asno\u015bci intelektualnej Lallemand lub jej sp\u00f3\u0142ek zale\u017cnych. Jednak\u017ce U\u017cytkownik mo\u017ce wydrukowa\u0107 i\/lub pobra\u0107 informacje zamieszczone na Stronie internetowej na w\u0142asny u\u017cytek.<\/p>\n\n\n\n<p><strong>Obowi\u0105zuj\u0105ce prawo, w\u0142a\u015bciwo\u015b\u0107 s\u0105d\u00f3w:<\/strong><\/p>\n\n\n\n<p>Dost\u0119p do Strony internetowej mo\u017cna uzyska\u0107 z r\u00f3\u017cnych kraj\u00f3w na ca\u0142ym \u015bwiecie. Poniewa\u017c w ka\u017cdym z tych kraj\u00f3w obowi\u0105zuj\u0105 przepisy prawa, kt\u00f3re mog\u0105 r\u00f3\u017cni\u0107 si\u0119 od przepis\u00f3w prowincji Quebec i Kanady, wchodz\u0105c na Stron\u0119 internetow\u0105 przyjmujesz do wiadomo\u015bci, \u017ce przepisy prawa prowincji Quebec i Kanady b\u0119d\u0105 mia\u0142y zastosowanie we wszystkich kwestiach wynikaj\u0105cych lub zwi\u0105zanych z u\u017cytkowaniem i tre\u015bci\u0105 tej strony, bez wzgl\u0119du na przepisy kolizyjne. Zobowi\u0105zujesz si\u0119 r\u00f3wnie\u017c podda\u0107 wy\u0142\u0105cznej jurysdykcji w\u0142a\u015bciwych s\u0105d\u00f3w w Montrealu w przypadku wszelkich spor\u00f3w, roszcze\u0144 lub podstaw pow\u00f3dztwa wynikaj\u0105cych lub zwi\u0105zanych z niniejszym <em>Regulaminem U\u017cytkownika<\/em> lub korzystaniem przez Ciebie ze Strony Internetowej.<\/p>\n\n\n\n<p><strong>Rozdzielno\u015b\u0107:<\/strong><\/p>\n\n\n\n<p>W przypadku, gdy niniejszy <em>Regulamin U\u017cytkownika<\/em> Strony Internetowej b\u0119dzie lub stanie si\u0119 cz\u0119\u015bciowo niewa\u017cny \/ nieskuteczny, strony nadal b\u0119d\u0105 zwi\u0105zane pozosta\u0142\u0105 cz\u0119\u015bci\u0105 <em>Regulaminu u\u017cytkownika<\/em>. Niewa\u017cna cz\u0119\u015b\u0107 zostanie zast\u0105piona postanowieniami wa\u017cnymi i wywo\u0142uj\u0105cymi skutki prawne, kt\u00f3re w miar\u0119 mo\u017cliwo\u015bci b\u0119d\u0105 odpowiada\u0142y postanowieniom cz\u0119\u015bci niewa\u017cnej, z uwzgl\u0119dnieniem tre\u015bci i celu niniejszego <em>Regulaminu u\u017cytkownika<\/em>.<\/p>\n\n\n\n<p><strong>Pytania dotycz\u0105ce niniejszego Regulaminu U\u017cytkownika:<\/strong><\/p>\n\n\n\n<p>Je\u015bli masz jakiekolwiek pytania dotycz\u0105ce niniejszego Regulaminu u\u017cytkownika, wy\u015blij wiadomo\u015b\u0107 mailow\u0105 na adres:&nbsp;<a href=\"mailto:privacy-corporate@lallemand.com\">privacy-corporate@lallemand.com<\/a><\/p>\n","protected":false},"excerpt":{"rendered":"<p>REGULAMIN U\u017bYTKOWNIKA Witamy na stronie internetowej Lallemand Inc i jej sp\u00f3\u0142ek zale\u017cnych (dalej \u201eStrona internetowa\u201d). Przed skorzystaniem ze Strony internetowej prosimy o zapoznanie si\u0119 z poni\u017cszym Regulaminem u\u017cytkownika, kt\u00f3ry reguluje dost\u0119p i korzystanie ze Strony internetowej. Uzyskuj\u0105c dost\u0119p do Strony internetowej lub korzystaj\u0105c z niej, potwierdzasz, \u017ce zapozna\u0142e\u015b si\u0119 z niniejszym Regulaminem u\u017cytkownika oraz \u017ce [&hellip;]<\/p>\n","protected":false},"author":1,"featured_media":0,"parent":0,"menu_order":0,"comment_status":"closed","ping_status":"closed","template":"","meta":{"footnotes":""},"class_list":["post-182","page","type-page","status-publish","hentry"],"_links":{"self":[{"href":"https:\/\/legal-information.lallemand.com\/pl\/wp-json\/wp\/v2\/pages\/182","targetHints":{"allow":["GET"]}}],"collection":[{"href":"https:\/\/legal-information.lallemand.com\/pl\/wp-json\/wp\/v2\/pages"}],"about":[{"href":"https:\/\/legal-information.lallemand.com\/pl\/wp-json\/wp\/v2\/types\/page"}],"author":[{"embeddable":true,"href":"https:\/\/legal-information.lallemand.com\/pl\/wp-json\/wp\/v2\/users\/1"}],"replies":[{"embeddable":true,"href":"https:\/\/legal-information.lallemand.com\/pl\/wp-json\/wp\/v2\/comments?post=182"}],"version-history":[{"count":2,"href":"https:\/\/legal-information.lallemand.com\/pl\/wp-json\/wp\/v2\/pages\/182\/revisions"}],"predecessor-version":[{"id":184,"href":"https:\/\/legal-information.lallemand.com\/pl\/wp-json\/wp\/v2\/pages\/182\/revisions\/184"}],"wp:attachment":[{"href":"https:\/\/legal-information.lallemand.com\/pl\/wp-json\/wp\/v2\/media?parent=182"}],"curies":[{"name":"wp","href":"https:\/\/api.w.org\/{rel}","templated":true}]}}