{"id":159,"date":"2023-05-27T13:47:51","date_gmt":"2023-05-27T13:47:51","guid":{"rendered":"https:\/\/legal-information.lallemand.com\/?page_id=159"},"modified":"2025-03-28T17:04:38","modified_gmt":"2025-03-28T17:04:38","slug":"politica-de-privacidade-e-cookies","status":"publish","type":"page","link":"https:\/\/legal-information.lallemand.com\/pt-br\/politica-de-privacidade-e-cookies\/","title":{"rendered":"POL\u00cdTICA DE PRIVACIDADE E COOKIES DA LALLEMAND"},"content":{"rendered":"\n<h2 class=\"wp-block-heading\">Pol\u00edtica de privacidade<\/h2>\n\n\n\n<p>Esta Pol\u00edtica de Privacidade aplica-se a todas as informa\u00e7\u00f5es coletadas e processadas por meio de sites de propriedade da Lallemand Inc. e suas subsidi\u00e1rias. (&#8220;Lallemand&#8221;). No entanto, esta Pol\u00edtica de Privacidade n\u00e3o se aplica ao site do Siebel Institute of Technology, que \u00e9 regido pela sua pr\u00f3pria pol\u00edtica espec\u00edfica de privacidade e cookies dispon\u00edvel no site do Siebel Institute of Technology.&nbsp; Esta Pol\u00edtica de Privacidade tem como objetivo aconselhar os usu\u00e1rios dos sites da Lallemand (&#8220;Usu\u00e1rios&#8221;) sobre o tipo de dados pessoais que podem ser coletados e processados pela Lallemand e como a Lallemand protege e usa esses dados pessoais.<\/p>\n\n\n\n<h3 class=\"wp-block-heading\">Tipo de dados pessoais recolhidos<\/h3>\n\n\n\n<p>A Lallemand pode coletar e processar dados pessoais fornecidos pelos Usu\u00e1rios. Os dados pessoais coletados incluem dados gerais, como nome, endere\u00e7o, c\u00f3digo postal, cidade, n\u00famero de telefone, endere\u00e7o de e-mail e nome da empresa. A Lallemand tamb\u00e9m pode coletar dados pessoais t\u00e9cnicos, como endere\u00e7o IP e dados de navega\u00e7\u00e3o.<\/p>\n\n\n\n<p>Os dados pessoais s\u00e3o coletados pela Lallemand por meio de formul\u00e1rios on-line ou pesquisas volunt\u00e1rias de usu\u00e1rios, registro de usu\u00e1rios on-line, assinatura de servi\u00e7os ou publica\u00e7\u00e3o da Lallemand, solicita\u00e7\u00e3o de informa\u00e7\u00f5es sobre produtos ou marketing, cookies, solicita\u00e7\u00f5es de emprego, envio de consultas ou solicita\u00e7\u00f5es.<\/p>\n\n\n\n<h3 class=\"wp-block-heading\">Finalidade do tratamento de dados pessoais e destinat\u00e1rios<\/h3>\n\n\n\n<p>A Lallemand pode processar dados pessoais sempre que for necess\u00e1rio para fins de:<\/p>\n\n\n\n<ol style=\"list-style-type:lower-roman\" class=\"wp-block-list\">\n<li>Responder a uma solicita\u00e7\u00e3o relacionada aos produtos e\/ou servi\u00e7os da Lallemand ou fornecer consultoria especializada,<\/li>\n\n\n\n<li>Gerenciando o relacionamento com o cliente,<\/li>\n\n\n\n<li>Fornecer informa\u00e7\u00f5es de marketing sobre as empresas, produtos e servi\u00e7os da Lallemand,<\/li>\n\n\n\n<li>Gerenciamento de candidaturas para a oferta de cargos de trabalho em Lallemand,<\/li>\n\n\n\n<li>Atender a requisitos estatut\u00e1rios ou outros requisitos legais.<\/li>\n<\/ol>\n\n\n\n<p>Os dados pessoais coletados pela Lallemand podem ser obtidos com base na necessidade de conhecimento pelos funcion\u00e1rios da Lallemand e prestadores de servi\u00e7os da Lallemand, desde que estes \u00faltimos estejam sujeitos a obriga\u00e7\u00f5es de confidencialidade.<\/p>\n\n\n\n<p>No caso de transfer\u00eancia de dados pessoais para fora do Espa\u00e7o Econ\u00f4mico Europeu, a Lallemand garantir\u00e1 que os dados pessoais sejam transferidos apenas para pa\u00edses que garantam um n\u00edvel adequado de prote\u00e7\u00e3o dos dados pessoais e estejam sujeitos a uma decis\u00e3o de adequa\u00e7\u00e3o da Comiss\u00e3o Europeia, ou que tal transfer\u00eancia apresente as salvaguardas apropriadas e seja baseada nas cl\u00e1usulas contratuais padr\u00e3o de prote\u00e7\u00e3o de dados da Comiss\u00e3o da Uni\u00e3o Europeia. O representante da Lallemand no Espa\u00e7o Econ\u00f4mico Europeu para os fins do artigo 27 do Regulamento (UE) 2016\/679 do Parlamento Europeu e do Conselho de 27 de abril de 2016, \u00e9 a Lallemand SAS, com sede em 19 rue des Briquetiers \u2013 BP 59 \u2013 31702 Blagnac, com nosso e-mail de contato em: <a href=\"mailto:dpo-lallemandsas@lallemand.com\" target=\"_blank\" rel=\"noreferrer noopener\">dpo-lallemandsas@lallemand.com<\/a>.<\/p>\n\n\n\n<h3 class=\"wp-block-heading\">Direitos de dados pessoais<\/h3>\n\n\n\n<p>Os usu\u00e1rios t\u00eam os seguintes direitos em rela\u00e7\u00e3o aos seus dados pessoais:<\/p>\n\n\n\n<ol style=\"list-style-type:lower-roman\" class=\"wp-block-list\">\n<li>Direito de acesso aos dados pessoais,<\/li>\n\n\n\n<li>Direito de retifica\u00e7\u00e3o ou exclus\u00e3o dos dados pessoais,<\/li>\n\n\n\n<li>Direito de restringir o processamento de seus dados pessoais em algumas circunst\u00e2ncias,<\/li>\n\n\n\n<li>Direito de receber os dados pessoais coletados pela Lallemand,<\/li>\n\n\n\n<li>Direito de se opor ao tratamento dos seus dados pessoais por motivos espec\u00edficos ou quando esses dados forem tratados para fins de marketing direto,<\/li>\n\n\n\n<li>Direito de retirar o consentimento para a coleta e processamento de dados pessoais,<\/li>\n\n\n\n<li>Direito de apresentar uma reclama\u00e7\u00e3o a uma autoridade supervisora.<\/li>\n<\/ol>\n\n\n\n<p>Os usu\u00e1rios podem exercer seus direitos de dados pessoais entrando em contato com a Lallemand por e-mail em: <a href=\"mailto:privacy-corporate@lallemand.com\" target=\"_blank\" rel=\"noreferrer noopener\">privacy-corporate@lallemand.com<\/a>.<\/p>\n\n\n\n<h3 class=\"wp-block-heading\">Per\u00edodo de reten\u00e7\u00e3o<\/h3>\n\n\n\n<p>A Lallemand reter\u00e1 os dados pessoais coletados por meio de seus sites apenas pelo tempo estritamente necess\u00e1rio para cumprir as finalidades para as quais foram coletados, de acordo com os princ\u00edpios de minimiza\u00e7\u00e3o de dados e proporcionalidade. Os dados pessoais podem ser retidos por per\u00edodos mais longos somente quando exigido por lei ou para outros fins leg\u00edtimos, incluindo obriga\u00e7\u00f5es legais ou necessidades comerciais cont\u00ednuas.<\/p>\n\n\n\n<p>Os cookies que usamos podem ter per\u00edodos de reten\u00e7\u00e3o variados: alguns s\u00e3o cookies de sess\u00e3o que ser\u00e3o exclu\u00eddos automaticamente quando voc\u00ea fechar o navegador, enquanto outros s\u00e3o cookies persistentes que permanecem no seu dispositivo por um per\u00edodo espec\u00edfico (at\u00e9 13 meses) para reconhec\u00ea-lo em futuras visitas. Garantimos que nossas pr\u00e1ticas de reten\u00e7\u00e3o de cookies estejam em conformidade com o GDPR e outros padr\u00f5es de privacidade e seguran\u00e7a aplic\u00e1veis. Para cookies de terceiros, voc\u00ea tamb\u00e9m pode consultar suas pol\u00edticas de privacidade ou cookies para verificar o per\u00edodo de reten\u00e7\u00e3o.<\/p>\n\n\n\n<h3 class=\"wp-block-heading\">Seguran\u00e7a dos seus dados pessoais<\/h3>\n\n\n\n<p>A Lallemand usa medidas de seguran\u00e7a de tecnologia da informa\u00e7\u00e3o para proteger os dados pessoais. A Lallemand tamb\u00e9m implementa medidas organizacionais e administrativas, incluindo procedimentos internos para lidar com suspeitas de perda ou altera\u00e7\u00e3o de dados pessoais, divulga\u00e7\u00e3o n\u00e3o autorizada ou uso indevido.<\/p>\n\n\n\n<h2 class=\"wp-block-heading\">Pol\u00edtica de Cookies<\/h2>\n\n\n\n<p>Esta Pol\u00edtica de Cookies se aplica a todos os cookies usados pela Lallemand em seus sites, exceto no site do Siebel Institute of Technology, que \u00e9 regido por sua pr\u00f3pria pol\u00edtica espec\u00edfica de privacidade e cookies dispon\u00edvel no site do Siebel Institute of Technology. Esta Pol\u00edtica de Cookies tem como objetivo aconselhar os Usu\u00e1rios sobre o tipo de cookies que podem ser usados pela Lallemand e sobre como os Usu\u00e1rios podem gerenciar seu consentimento para o uso de cookies nos sites da Lallemand.<\/p>\n\n\n\n<h3 class=\"wp-block-heading\">Tipo e uso de cookies<\/h3>\n\n\n\n<p>Cookies s\u00e3o pacotes de dados enviados por um site para o computador ou dispositivo do usu\u00e1rio de um site e armazenados em seu computador ou dispositivo para ajudar o site a rastrear as visitas e atividades do usu\u00e1rio no site.<\/p>\n\n\n\n<p>A Lallemand utiliza diferentes tipos de cookies para melhorar a navega\u00e7\u00e3o dos Usu\u00e1rios em seus sites e oferecer conte\u00fados mais relevantes e adaptados \u00e0s necessidades dos Usu\u00e1rios.<\/p>\n\n\n\n<p><strong>Os cookies necess\u00e1rios <\/strong>s\u00e3o essenciais para o funcionamento adequado dos sites da Lallemand e necess\u00e1rios para oferecer os servi\u00e7os solicitados pelos usu\u00e1rios do site da Lallemand.&nbsp;&nbsp;<\/p>\n\n\n\n<p><strong>Os cookies anal\u00edticos e publicit\u00e1rios <\/strong>s\u00e3o usados pela Lallemand mediante o consentimento pr\u00e9vio dos Usu\u00e1rios para obter informa\u00e7\u00f5es sobre a navega\u00e7\u00e3o e as prefer\u00eancias dos Usu\u00e1rios nos sites da Lallemand para melhorar a experi\u00eancia dos Usu\u00e1rios nos sites, aplicativos e m\u00e9dia sociais da Lallemand.&nbsp;&nbsp;<\/p>\n\n\n\n<p>Estes cookies n\u00e3o s\u00e3o essenciais para a navega\u00e7\u00e3o, mas d\u00e3o-lhe a oportunidade de desfrutar de uma experi\u00eancia de navega\u00e7\u00e3o personalizada, adaptada \u00e0s suas expectativas, necessidades e desejos.<\/p>\n\n\n\n<p>Esses cookies t\u00eam v\u00e1rias vantagens para voc\u00ea, como:<\/p>\n\n\n\n<ul class=\"wp-block-list\">\n<li>navega\u00e7\u00e3o mais f\u00e1cil gra\u00e7as a displays e conte\u00fados que correspondem \u00e0s suas necessidades<\/li>\n\n\n\n<li>a publicidade em nosso site ou sites parceiros \u00e9 adaptada \u00e0s suas prefer\u00eancias;<\/li>\n\n\n\n<li>As intera\u00e7\u00f5es com as redes sociais s\u00e3o simplificadas.<\/li>\n<\/ul>\n\n\n\n<p><strong>Os cookies de terceiros <\/strong>podem ser usados por terceiros para os quais os usu\u00e1rios s\u00e3o redirecionados das p\u00e1ginas do site da Lallemand. A Lallemand n\u00e3o tem controle sobre os cookies de sites de terceiros al\u00e9m dos listados no banner de cookies dos sites da Lallemand, que est\u00e3o sujeitos ao consentimento pr\u00e9vio dos usu\u00e1rios.&nbsp;<\/p>\n\n\n\n<p>Veja abaixo uma lista de nossos cookies de terceiros, a finalidade de seu uso e o per\u00edodo de reten\u00e7\u00e3o dos dados coletados.<\/p>\n\n\n\n<p>Lista de cookies de terceiros:<\/p>\n\n\n\n<figure class=\"wp-block-table\"><table class=\"has-fixed-layout\"><tbody><tr><td><strong>Nome dos cookies<\/strong><\/td><td><strong>Prop\u00f3sito<\/strong><\/td><td><strong>Per\u00edodo de reten\u00e7\u00e3o<\/strong><\/td><\/tr><tr><td>An\u00fancio<\/td><td>Depende de cookies de terceiros para rastrear o comportamento do usu\u00e1rio para an\u00fancios direcionados.<\/td><td>12 meses<\/td><\/tr><tr><td>Exelator<\/td><td>Depende de cookies de terceiros para rastrear o comportamento do usu\u00e1rio para an\u00fancios direcionados.<\/td><td>4 meses<\/td><\/tr><tr><td>Facebook (Pixel)<\/td><td>Uma ferramenta que auxilia no rastreamento da atividade, coletando dados sobre o desempenho do an\u00fancio e otimizando a segmenta\u00e7\u00e3o do an\u00fancio.<\/td><td>1 semana a 1 m\u00eas<\/td><\/tr><tr><td>Google AdSense<\/td><td>Para rastrear o comportamento do usu\u00e1rio em diferentes sites, o que permite ao Google exibir an\u00fancios com base nos interesses e comportamentos dos usu\u00e1rios. Isso ajuda os anunciantes a alcan\u00e7ar o p\u00fablico certo para aumentar o envolvimento.<\/td><td>400 dias<\/td><\/tr><tr><td>Google Analytics<\/td><td>Uma ferramenta de an\u00e1lise da web para rastrear e analisar o tr\u00e1fego do site, identificando tend\u00eancias e padr\u00f5es no desempenho do site.<\/td><td>400 dias<\/td><\/tr><tr><td>IntentIQ<\/td><td>Uma ferramenta usada para melhorar o envolvimento do usu\u00e1rio por meio de an\u00fancios direcionados.<\/td><td>6 meses<\/td><\/tr><tr><td>PubMatic<\/td><td>Uma ferramenta para ajudar editores e anunciantes a segmentar o p\u00fablico correto, bem como diferentes formatos de an\u00fancio em diferentes dispositivos.<\/td><td>1 m\u00eas<\/td><\/tr><tr><td>Smaato<\/td><td>Uma ferramenta de publicidade m\u00f3vel que otimiza campanhas publicit\u00e1rias para dispositivos m\u00f3veis para aumentar o envolvimento e maximizar a receita de publicidade.<\/td><td>20 dias<\/td><\/tr><tr><td>Tapad<\/td><td>Uma ferramenta usada para segmenta\u00e7\u00e3o entre dispositivos, rastreando o comportamento do usu\u00e1rio para fornecer an\u00fancios digitais mais precisos e personalizados.<\/td><td>12 meses<\/td><\/tr><\/tbody><\/table><\/figure>\n\n\n\n<p>Lista de ferramentas que dependem ou usam cookies de terceiros:<\/p>\n\n\n\n<p>Essas s\u00e3o ferramentas de site utilizadas por cookies de terceiros para aumentar o envolvimento do usu\u00e1rio e garantir que os an\u00fancios atinjam o p\u00fablico-alvo relevante.<\/p>\n\n\n\n<figure class=\"wp-block-table\"><table class=\"has-fixed-layout\"><tbody><tr><td><strong>Nome<\/strong><\/td><td><strong>Prop\u00f3sito<\/strong><\/td><td><strong>Per\u00edodo de reten\u00e7\u00e3o<\/strong><\/td><\/tr><tr><td>Otimiza\u00e7\u00e3o de an\u00fancios do Google<\/td><td>Uma ferramenta usada para maximizar o desempenho dos an\u00fancios para garantir que os an\u00fancios alcancem o p\u00fablico certo.<\/td><td>1 dia a 6 meses<\/td><\/tr><tr><td>Google reCAPTCHA<\/td><td>Uma ferramenta de seguran\u00e7a usada para proteger sites contra spam e abuso, garantindo que o usu\u00e1rio seja um humano e n\u00e3o um rob\u00f4.<\/td><td>6 meses<\/td><\/tr><tr><td>LinkedIn<\/td><td>Uma ferramenta usada para melhorar o desempenho da publicidade, personalizando a experi\u00eancia do usu\u00e1rio e rastreando o envolvimento com o conte\u00fado relacionado ao LinkedIn.<\/td><td>6 meses<\/td><\/tr><tr><td>Simpli.fi<\/td><td>Uma ferramenta que aprimora as solu\u00e7\u00f5es de marketing geogr\u00e1fico. Essa ferramenta usa aprendizado de m\u00e1quina para otimizar o desempenho em tempo real, garantindo assim que o p\u00fablico certo seja direcionado com an\u00fancios personalizados.<\/td><td>1 semana<\/td><\/tr><\/tbody><\/table><\/figure>\n\n\n\n<h3 class=\"wp-block-heading\">Prefer\u00eancias de cookies<\/h3>\n\n\n\n<p>Para gerenciar suas prefer\u00eancias de cookies, clique no <strong>banner de cookies <\/strong>nos sites da Lallemand, que aparecer\u00e1 no canto inferior direito da p\u00e1gina da web durante a primeira visita dos usu\u00e1rios aos sites da Lallemand.&nbsp;&nbsp;<\/p>\n\n\n\n<p>Voc\u00ea tamb\u00e9m pode restringir o uso de cookies por meio das configura\u00e7\u00f5es do seu <strong>navegador<\/strong>.&nbsp;&nbsp;<\/p>\n\n\n\n<h2 class=\"wp-block-heading\">Altera\u00e7\u00f5es a esta Pol\u00edtica de Privacidade e cookies<\/h2>\n\n\n\n<p>A Lallemand pode precisar atualizar esta Pol\u00edtica de Privacidade e cookies \u00e0 medida que adiciona novos recursos ou novas funcionalidades aos seus sites. A Lallemand reserva-se o direito de atualizar ou revisar esta Pol\u00edtica de Privacidade e cookies para cumprir as leis e regulamentos aplic\u00e1veis.<\/p>\n\n\n\n<p>A \u00faltima atualiza\u00e7\u00e3o desta Pol\u00edtica de Privacidade e cookies foi em 17 de janeiro de 2025.<\/p>\n","protected":false},"excerpt":{"rendered":"<p>Pol\u00edtica de privacidade Esta Pol\u00edtica de Privacidade aplica-se a todas as informa\u00e7\u00f5es coletadas e processadas por meio de sites de propriedade da Lallemand Inc. e suas subsidi\u00e1rias. (&#8220;Lallemand&#8221;). No entanto, esta Pol\u00edtica de Privacidade n\u00e3o se aplica ao site do Siebel Institute of Technology, que \u00e9 regido pela sua pr\u00f3pria pol\u00edtica espec\u00edfica de privacidade e [&hellip;]<\/p>\n","protected":false},"author":1,"featured_media":0,"parent":0,"menu_order":0,"comment_status":"closed","ping_status":"closed","template":"","meta":{"footnotes":""},"class_list":["post-159","page","type-page","status-publish","hentry"],"_links":{"self":[{"href":"https:\/\/legal-information.lallemand.com\/pt-br\/wp-json\/wp\/v2\/pages\/159","targetHints":{"allow":["GET"]}}],"collection":[{"href":"https:\/\/legal-information.lallemand.com\/pt-br\/wp-json\/wp\/v2\/pages"}],"about":[{"href":"https:\/\/legal-information.lallemand.com\/pt-br\/wp-json\/wp\/v2\/types\/page"}],"author":[{"embeddable":true,"href":"https:\/\/legal-information.lallemand.com\/pt-br\/wp-json\/wp\/v2\/users\/1"}],"replies":[{"embeddable":true,"href":"https:\/\/legal-information.lallemand.com\/pt-br\/wp-json\/wp\/v2\/comments?post=159"}],"version-history":[{"count":4,"href":"https:\/\/legal-information.lallemand.com\/pt-br\/wp-json\/wp\/v2\/pages\/159\/revisions"}],"predecessor-version":[{"id":292,"href":"https:\/\/legal-information.lallemand.com\/pt-br\/wp-json\/wp\/v2\/pages\/159\/revisions\/292"}],"wp:attachment":[{"href":"https:\/\/legal-information.lallemand.com\/pt-br\/wp-json\/wp\/v2\/media?parent=159"}],"curies":[{"name":"wp","href":"https:\/\/api.w.org\/{rel}","templated":true}]}}